{"id":41,"date":"2022-12-23T15:11:41","date_gmt":"2022-12-23T15:11:41","guid":{"rendered":"https:\/\/munichstagdo.com\/?page_id=41"},"modified":"2023-01-04T13:20:37","modified_gmt":"2023-01-04T13:20:37","slug":"wie-man-nach-munchen-kommt","status":"publish","type":"page","link":"https:\/\/munichstagdo.com\/de\/wie-man-nach-munchen-kommt\/","title":{"rendered":"Wie man nach M\u00fcnchen kommt"},"content":{"rendered":"<p>In diesem Artikel gehen wir auf die verschiedenen M\u00f6glichkeiten ein, wie Sie nach M\u00fcnchen kommen k\u00f6nnen: mit dem Flugzeug, mit dem Auto oder mit dem Bus. Egal, welche Methode Sie w\u00e4hlen, die Anreise nach M\u00fcnchen sollte nicht kompliziert sein.<\/p>\n\n\n\n<h2 class=\"wp-block-heading\">Flugzeug<\/h2>\n\n\n\n<p>Eine der bequemsten M\u00f6glichkeiten, M\u00fcnchen zu erreichen, ist ein Flug \u00fcber den internationalen Flughafen der Stadt, <strong>Franz Josef Strauss Flughafen<\/strong>. Der Flughafen liegt etwa 45 Kilometer nord\u00f6stlich des Stadtzentrums und ist leicht mit dem Taxi, dem Bus oder der Bahn zu erreichen. Viele gro\u00dfe Fluggesellschaften bieten Fl\u00fcge nach M\u00fcnchen an, so dass Sie keine Probleme haben sollten, eine direkte Route von Ihrem Standort aus zu finden.<\/p>\n\n\n\n<h2 class=\"wp-block-heading\">Zug<\/h2>\n\n\n\n<p>Wenn Sie lieber mit dem Zug anreisen, ist M\u00fcnchen durch das ICE-Hochgeschwindigkeitsnetz gut an den Rest Europas angebunden. Die Stadt hat<strong> zwei Hauptbahnh\u00f6fe<\/strong>: M\u00fcnchen Hauptbahnhof und M\u00fcnchen Ostbahnhof. Beide befinden sich im Stadtzentrum und bieten Verbindungen zu anderen Gro\u00dfst\u00e4dten in Deutschland und dar\u00fcber hinaus.<\/p>\n\n\n\n<h2 class=\"wp-block-heading\">Auto<\/h2>\n\n\n\n<p>Wenn Sie es vorziehen, mit dem Auto zu fahren, ist M\u00fcnchen vom Rest Europas aus leicht zu erreichen. Die Stadt liegt an der <strong>Kreuzung mehrerer wichtiger Autobahnen<\/strong>Dazu geh\u00f6ren die A9, die A92 und die A99. Wenn Sie aus Deutschland kommen, k\u00f6nnen Sie auch den Zug nehmen und ein Auto mieten, sobald Sie in der Stadt angekommen sind.<\/p>\n\n\n\n<h2 class=\"wp-block-heading\">Bus<\/h2>\n\n\n\n<p>Wenn Sie von Deutschland aus anreisen, gibt es mehrere nationale und internationale Busunternehmen, die regelm\u00e4\u00dfige Verbindungen nach M\u00fcnchen anbieten. Flixbus und MeinFernbus sind zwei beliebte Anbieter, die in ganz Deutschland mit regelm\u00e4\u00dfigen Abfahrten von den gr\u00f6\u00dferen St\u00e4dten aus operieren. Wenn Sie von weiter her kommen, gibt es auch <strong>mehrere internationale Busunternehmen<\/strong> die nach M\u00fcnchen fahren, darunter Eurolines und Busbud.<\/p>\n\n\n\n<p>Wenn Sie in M\u00fcnchen angekommen sind, k\u00f6nnen Sie das st\u00e4dtische <strong>effizienter \u00f6ffentlicher Verkehr<\/strong> System, um Ihr endg\u00fcltiges Ziel zu erreichen.<\/p>\n\n\n\n<h2 class=\"wp-block-heading\">Besuchen Sie M\u00fcnchen mit Munich Stag Do!<\/h2>\n\n\n\n<p>Ob Sie mit dem Flugzeug, dem Zug, dem Bus oder dem Auto nach M\u00fcnchen reisen, es ist wichtig, Ihre Reise im Voraus zu planen und <strong>Ihr Budget und Ihre Reisevorlieben ber\u00fccksichtigen<\/strong>. Mit etwas Planung k\u00f6nnen Sie leicht den besten Weg zu dieser sch\u00f6nen und pulsierenden Stadt finden.<\/p>\n\n\n\n<p>Unser Personal wird <strong>alle Informationen bereitstellen<\/strong> Sie m\u00fcssen bequem nach M\u00fcnchen reisen und Ihren Aufenthalt in der Stadt so angenehm wie m\u00f6glich gestalten, wenn Sie sich f\u00fcr eine Reise mit uns entscheiden.<\/p>\n\n\n\n<p>Mehr \u00fcber unsere Arbeit erfahren Sie unter <a href=\"https:\/\/munichstagdo.com\/de\/\">M\u00fcnchener Junggesellenabschied<\/a>!<\/p>","protected":false},"excerpt":{"rendered":"<p>In diesem Artikel gehen wir auf die verschiedenen M\u00f6glichkeiten ein, wie Sie nach M\u00fcnchen kommen k\u00f6nnen: mit dem Flugzeug, mit dem Auto oder mit dem Bus. Egal, welche Methode Sie w\u00e4hlen, die Anreise nach M\u00fcnchen sollte nicht kompliziert sein. Flugzeug Eine der bequemsten M\u00f6glichkeiten, M\u00fcnchen zu erreichen, ist ein Flug zum internationalen Flughafen der Stadt, dem Franz Josef Strauss Airport. Der ... <a href=\"https:\/\/munichstagdo.com\/de\/wie-man-nach-munchen-kommt\/\">Fortsetzung<\/a><\/p>","protected":false},"author":1,"featured_media":101,"parent":0,"menu_order":0,"comment_status":"closed","ping_status":"closed","template":"","meta":{"_acf_changed":false,"footnotes":""},"class_list":["post-41","page","type-page","status-publish","has-post-thumbnail","hentry"],"acf":{"page_subheading":"Learn everything you need to know about how to get to the Bavarian capital and focus on enjoying your stay in the city without worrying about logistics."},"_links":{"self":[{"href":"https:\/\/munichstagdo.com\/de\/wp-json\/wp\/v2\/pages\/41","targetHints":{"allow":["GET"]}}],"collection":[{"href":"https:\/\/munichstagdo.com\/de\/wp-json\/wp\/v2\/pages"}],"about":[{"href":"https:\/\/munichstagdo.com\/de\/wp-json\/wp\/v2\/types\/page"}],"author":[{"embeddable":true,"href":"https:\/\/munichstagdo.com\/de\/wp-json\/wp\/v2\/users\/1"}],"replies":[{"embeddable":true,"href":"https:\/\/munichstagdo.com\/de\/wp-json\/wp\/v2\/comments?post=41"}],"version-history":[{"count":4,"href":"https:\/\/munichstagdo.com\/de\/wp-json\/wp\/v2\/pages\/41\/revisions"}],"predecessor-version":[{"id":430,"href":"https:\/\/munichstagdo.com\/de\/wp-json\/wp\/v2\/pages\/41\/revisions\/430"}],"wp:featuredmedia":[{"embeddable":true,"href":"https:\/\/munichstagdo.com\/de\/wp-json\/wp\/v2\/media\/101"}],"wp:attachment":[{"href":"https:\/\/munichstagdo.com\/de\/wp-json\/wp\/v2\/media?parent=41"}],"curies":[{"name":"wp","href":"https:\/\/api.w.org\/{rel}","templated":true}]}}