{"id":47,"date":"2022-12-23T15:12:08","date_gmt":"2022-12-23T15:12:08","guid":{"rendered":"https:\/\/munichstagdo.com\/?page_id=47"},"modified":"2023-01-04T13:21:30","modified_gmt":"2023-01-04T13:21:30","slug":"uber-munchen","status":"publish","type":"page","link":"https:\/\/munichstagdo.com\/de\/uber-munchen\/","title":{"rendered":"\u00dcber M\u00fcnchen"},"content":{"rendered":"<p>M\u00fcnchen ist die Hauptstadt des deutschen Bundeslandes <strong>Bayern<\/strong>Sie liegt im S\u00fcden von Deutschland. Mit rund 1,5 Millionen Einwohnern ist sie die drittbev\u00f6lkerungsreichste Stadt in Deutschland. Die Stadt ist bekannt f\u00fcr ihre <strong>reiche Geschichte, kulturelle Vielfalt und atemberaubende Architektur<\/strong>.&nbsp;<\/p>\n\n\n\n<p>Zu den ber\u00fchmtesten Bauwerken M\u00fcnchens geh\u00f6ren die Frauenkirche, das <strong>Schloss Nymphenburg<\/strong>und die <strong>Marienplatz<\/strong>. Die Stadt beherbergt auch viele ber\u00fchmte Museen und Galerien, darunter die Alte Pinakothek und das <strong>BMW-Museum<\/strong>.<\/p>\n\n\n\n<p>M\u00fcnchen, im Herzen Europas gelegen, ist umgeben von wundersch\u00f6nen Landschaften und ein beliebtes Ziel f\u00fcr Outdoor-Fans. Von der <strong>Bayerische Alpen<\/strong> im S\u00fcden zum malerischen <strong>Seen<\/strong> im Norden gibt es unz\u00e4hlige M\u00f6glichkeiten zum Wandern, Radfahren und Skifahren.<\/p>\n\n\n\n<figure class=\"wp-block-image size-large\"><img loading=\"lazy\" decoding=\"async\" width=\"1024\" height=\"513\" src=\"https:\/\/munichstagdo.com\/wp-content\/uploads\/Munich-crowd-1024x513.webp\" alt=\"M\u00fcnchen\" class=\"wp-image-81\" srcset=\"https:\/\/munichstagdo.com\/wp-content\/uploads\/Munich-crowd-1024x513.webp 1024w, https:\/\/munichstagdo.com\/wp-content\/uploads\/Munich-crowd-300x150.webp 300w, https:\/\/munichstagdo.com\/wp-content\/uploads\/Munich-crowd-768x385.webp 768w, https:\/\/munichstagdo.com\/wp-content\/uploads\/Munich-crowd-1536x769.webp 1536w, https:\/\/munichstagdo.com\/wp-content\/uploads\/Munich-crowd-2048x1025.webp 2048w, https:\/\/munichstagdo.com\/wp-content\/uploads\/Munich-crowd-18x9.webp 18w, https:\/\/munichstagdo.com\/wp-content\/uploads\/Munich-crowd-scaled.webp 1920w\" sizes=\"auto, (max-width: 1024px) 100vw, 1024px\" \/><figcaption class=\"wp-element-caption\">M\u00fcnchen <\/figcaption><\/figure>\n\n\n\n<h2 class=\"wp-block-heading\">M\u00fcnchens Partyszene<\/h2>\n\n\n\n<p>Wenn es um das Nachtleben geht, ist M\u00fcnchen eine Stadt, die niemals schl\u00e4ft. Mit einer <strong>pulsierende Partyszene<\/strong>In den Clubs, Bars und Kneipen der Stadt gibt es f\u00fcr jeden etwas. Die Stadt ist bekannt f\u00fcr ihre weltber\u00fchmten <strong>Oktoberfest<\/strong>die jedes Jahr Millionen von Besuchern anlockt.&nbsp;<\/p>\n\n\n\n<p>Aber auch au\u00dferhalb des Oktoberfestes hat M\u00fcnchen den Ruf, eine Partystadt mit zahlreichen Clubs und Bars zu sein.<\/p>\n\n\n\n<p>Einige der <strong>die beliebtesten Clubs der Stadt<\/strong> Dazu geh\u00f6ren das P1, die Rote Sonne und die Muffathalle. Das Nachtleben der Stadt ist bekannt f\u00fcr seine Mischung aus traditioneller bayerischer und moderner Partykultur, mit einer breiten Palette an Musik und Veranstaltungen f\u00fcr jeden Geschmack.<\/p>\n\n\n\n<figure class=\"wp-block-image size-full\"><img loading=\"lazy\" decoding=\"async\" width=\"876\" height=\"580\" src=\"https:\/\/munichstagdo.com\/wp-content\/uploads\/Clubbing-in-Munich.webp\" alt=\"Clubbing in M\u00fcnchen\" class=\"wp-image-170\" srcset=\"https:\/\/munichstagdo.com\/wp-content\/uploads\/Clubbing-in-Munich.webp 876w, https:\/\/munichstagdo.com\/wp-content\/uploads\/Clubbing-in-Munich-300x199.webp 300w, https:\/\/munichstagdo.com\/wp-content\/uploads\/Clubbing-in-Munich-768x508.webp 768w, https:\/\/munichstagdo.com\/wp-content\/uploads\/Clubbing-in-Munich-18x12.webp 18w\" sizes=\"auto, (max-width: 876px) 100vw, 876px\" \/><figcaption class=\"wp-element-caption\">Clubbing in M\u00fcnchen<\/figcaption><\/figure>\n\n\n\n<h2 class=\"wp-block-heading\">Bayerische K\u00fcche<\/h2>\n\n\n\n<p>Bayerische Speisen und Getr\u00e4nke sind ein fester Bestandteil der Kultur der Stadt. <strong>Bayerische K\u00fcche<\/strong> ist deftig und s\u00e4ttigend, und Gerichte wie Schweinebraten mit Kn\u00f6deln und Sauerkraut oder Schweinshaxe sind sehr beliebt. <strong>Bayerisches Bier<\/strong> ist ebenfalls weltber\u00fchmt, denn M\u00fcnchen beherbergt mehrere kultige Brauereien wie das Hofbr\u00e4uhaus und Augustiner.<\/p>\n\n\n\n<figure class=\"wp-block-image size-large\"><img loading=\"lazy\" decoding=\"async\" width=\"1024\" height=\"466\" src=\"https:\/\/munichstagdo.com\/wp-content\/uploads\/Munich-partylife-1-1024x466.webp\" alt=\"M\u00fcnchen und Bier\" class=\"wp-image-173\" srcset=\"https:\/\/munichstagdo.com\/wp-content\/uploads\/Munich-partylife-1-1024x466.webp 1024w, https:\/\/munichstagdo.com\/wp-content\/uploads\/Munich-partylife-1-300x136.webp 300w, https:\/\/munichstagdo.com\/wp-content\/uploads\/Munich-partylife-1-768x349.webp 768w, https:\/\/munichstagdo.com\/wp-content\/uploads\/Munich-partylife-1-1536x699.webp 1536w, https:\/\/munichstagdo.com\/wp-content\/uploads\/Munich-partylife-1-2048x932.webp 2048w, https:\/\/munichstagdo.com\/wp-content\/uploads\/Munich-partylife-1-18x8.webp 18w, https:\/\/munichstagdo.com\/wp-content\/uploads\/Munich-partylife-1-scaled.webp 1920w\" sizes=\"auto, (max-width: 1024px) 100vw, 1024px\" \/><figcaption class=\"wp-element-caption\">M\u00fcnchen und Bier<\/figcaption><\/figure>\n\n\n\n<h2 class=\"wp-block-heading\">Besuchen Sie Europas Bierhauptstadt mit Munich Stag Do!<\/h2>\n\n\n\n<p>M\u00fcnchen gilt als eine der teuersten St\u00e4dte in Deutschland. Die Preise f\u00fcr Lebensmittel, Miete und andere Ausgaben liegen \u00fcber dem nationalen Durchschnitt. Es gibt jedoch M\u00f6glichkeiten, Geld zu sparen und trotzdem alles zu genie\u00dfen, was die Stadt zu bieten hat. Man muss nur die richtigen Leute kennen, die die bayerische Hauptstadt in- und auswendig kennen.<\/p>\n\n\n\n<p>Insgesamt ist M\u00fcnchen eine lebendige und aufregende Stadt, die eine <strong>einzigartige Mischung aus Kultur, Geschichte und Nachtleben<\/strong>. Ob Sie nun die traditionelle bayerische Kultur erleben, die Nacht durchfeiern oder einfach nur leckeres Essen und Trinken genie\u00dfen m\u00f6chten, M\u00fcnchen hat f\u00fcr jeden etwas zu bieten.<\/p>\n\n\n\n<p>F\u00fcr einen Junggesellenabschied ist M\u00fcnchen eine Stadt wie keine andere. Fahren Sie nach <a href=\"https:\/\/munichstagdo.com\/de\/\">M\u00fcnchener Junggesellenabschied<\/a> und pr\u00fcfen Sie, wie wir Ihnen helfen k\u00f6nnen, einen Junggesellenabschied zu erreichen, den keiner von Ihnen je vergessen wird.<\/p>","protected":false},"excerpt":{"rendered":"<p>M\u00fcnchen ist die Hauptstadt des deutschen Bundeslandes Bayern und liegt im S\u00fcden von Deutschland. Hier leben rund 1,5 Millionen Menschen, was sie zur drittbev\u00f6lkerungsreichsten Stadt in Deutschland macht. Die Stadt ist bekannt f\u00fcr ihre reiche Geschichte, ihre kulturelle Vielfalt und ihre beeindruckende Architektur.  Zu den ber\u00fchmtesten Bauwerken M\u00fcnchens geh\u00f6ren die Frauenkirche, die ... <a href=\"https:\/\/munichstagdo.com\/de\/uber-munchen\/\">Fortsetzung<\/a><\/p>","protected":false},"author":1,"featured_media":70,"parent":0,"menu_order":0,"comment_status":"closed","ping_status":"closed","template":"","meta":{"_acf_changed":false,"footnotes":""},"class_list":["post-47","page","type-page","status-publish","has-post-thumbnail","hentry"],"acf":{"page_subheading":"Everything you need to know about one of Germany\u2019s flagship cities in one place \u2014 from the main landmarks to its lively nightlife and local specialties."},"_links":{"self":[{"href":"https:\/\/munichstagdo.com\/de\/wp-json\/wp\/v2\/pages\/47","targetHints":{"allow":["GET"]}}],"collection":[{"href":"https:\/\/munichstagdo.com\/de\/wp-json\/wp\/v2\/pages"}],"about":[{"href":"https:\/\/munichstagdo.com\/de\/wp-json\/wp\/v2\/types\/page"}],"author":[{"embeddable":true,"href":"https:\/\/munichstagdo.com\/de\/wp-json\/wp\/v2\/users\/1"}],"replies":[{"embeddable":true,"href":"https:\/\/munichstagdo.com\/de\/wp-json\/wp\/v2\/comments?post=47"}],"version-history":[{"count":6,"href":"https:\/\/munichstagdo.com\/de\/wp-json\/wp\/v2\/pages\/47\/revisions"}],"predecessor-version":[{"id":431,"href":"https:\/\/munichstagdo.com\/de\/wp-json\/wp\/v2\/pages\/47\/revisions\/431"}],"wp:featuredmedia":[{"embeddable":true,"href":"https:\/\/munichstagdo.com\/de\/wp-json\/wp\/v2\/media\/70"}],"wp:attachment":[{"href":"https:\/\/munichstagdo.com\/de\/wp-json\/wp\/v2\/media?parent=47"}],"curies":[{"name":"wp","href":"https:\/\/api.w.org\/{rel}","templated":true}]}}