{"id":53,"date":"2022-12-23T15:12:34","date_gmt":"2022-12-23T15:12:34","guid":{"rendered":"https:\/\/munichstagdo.com\/?page_id=53"},"modified":"2026-02-24T11:40:47","modified_gmt":"2026-02-24T11:40:47","slug":"uber-uns","status":"publish","type":"page","link":"https:\/\/munichstagdo.com\/de\/uber-uns\/","title":{"rendered":"\u00dcber uns"},"content":{"rendered":"<p>Wer auch immer auf der Suche nach einem wilden und unvergesslichen Junggesellenabschied in M\u00fcnchen ist, mein Team ist hier, um Ihnen zu helfen. Die Planung eines solchen Trips kann ganz sch\u00f6n anstrengend sein, aber mit unserer Expertise m\u00fcssen Sie sich um nichts k\u00fcmmern.&nbsp;<\/p>\n\n\n\n<p>Wir sorgen daf\u00fcr, dass alles reibungslos abl\u00e4uft, damit Sie und Ihre Freunde sich voll und ganz auf den Spa\u00df konzentrieren k\u00f6nnen. <strong>Unser Wissen und unsere bew\u00e4hrten Verbindungen<\/strong> kann Ihnen helfen, kostspielige Fehler zu vermeiden, z. B. indem Sie Aktivit\u00e4ten planen, die Ihre Partys nicht beeintr\u00e4chtigen.<\/p>\n\n\n\n<p>\u00dcberlassen Sie uns die Details und erstellen Sie eine <strong>Pers\u00f6nliche Reiseroute<\/strong> die Ihren Junggesellenabschied in M\u00fcnchen zu einem unvergesslichen Erlebnis machen werden. Ihr Junggeselle und alle seine besten Freunde haben eine stressfreie und unvergessliche Feier verdient, also \u00fcberlassen Sie es uns, daf\u00fcr zu sorgen.<\/p>\n\n\n\n<h2 class=\"wp-block-heading\">Ein Team von Reise- und Partyexperten<\/h2>\n\n\n\n<p>Seit \u00fcber sieben Jahren helfen wir Gruppen von Freunden, ihre letzten Tage in Freiheit mit unvergesslichen Junggesellenabschieden in ganz Europa zu feiern. Als <strong>vollkaskoversichertes Reiseunternehmen<\/strong>Ihre finanzielle Sicherheit hat f\u00fcr uns oberste Priorit\u00e4t.<\/p>\n\n\n\n<p>Unser <strong>anpassbare Pakete<\/strong> macht es Ihnen leicht, das perfekte Junggesellenwochenende in M\u00fcnchen zu planen. Wir k\u00fcmmern uns um alle Details, um sicherzustellen, dass Ihr Erlebnis stressfrei und angenehm ist, einschlie\u00dflich der Buchung Ihrer <strong>Unterkunft<\/strong>, Transfers und Freizeitaktivit\u00e4ten. Sie k\u00f6nnen sich zur\u00fccklehnen, entspannen und sich darauf konzentrieren, mit Ihren Freunden Erinnerungen zu schaffen, die ein Leben lang halten werden.<\/p>\n\n\n\n<p>M\u00fcnchen ist eine Stadt, die wirklich alles zu bieten hat. Von seiner <strong>reiche Geschichte und Kulturdenkm\u00e4ler<\/strong> zu seinem <strong>lebhaftes Nachtleben<\/strong>In dieser Stadt ist f\u00fcr jeden etwas dabei. Egal, ob Sie mit Ihren Freunden ausgelassen feiern oder die vielen Sehensw\u00fcrdigkeiten der Stadt erkunden m\u00f6chten, M\u00fcnchen ist das perfekte Ziel f\u00fcr Ihren Junggesellenabschied.<\/p>\n\n\n\n<p>Wir sind stolz darauf, eine Reihe von Dienstleistungen in M\u00fcnchen anbieten zu k\u00f6nnen, die Ihren Junggesellenabschied zum besten Ihres Lebens machen. Unser<strong> vertrauensw\u00fcrdige Partnerunternehmen<\/strong> bieten eine Vielzahl einzigartiger Aktivit\u00e4ten, die Ihnen viele unvergessliche Erlebnisse bescheren werden. Wir haben diese Partner sorgf\u00e4ltig ausgew\u00e4hlt, weil sie mit unseren Werten \u00fcbereinstimmen und einen erstklassigen Service bieten.&nbsp;<\/p>\n\n\n\n<p>Wir alle wissen, was Junggesellengruppen suchen, und wir sind bereit, ihnen das Zehnfache zu geben.<\/p>\n\n\n\n<h2 class=\"wp-block-heading\">Zeit f\u00fcr das beste Wochenende eures Lebens!<\/h2>\n\n\n\n<p>Unser Team unterst\u00fctzt Sie bei der Planung Ihrer <strong>ultimatives Junggesellenwochenende in M\u00fcnchen<\/strong>Wir passen unsere Dienstleistungen an Ihre speziellen Bed\u00fcrfnisse und Vorlieben an. Wir wissen, dass jede Gruppe anders ist, und wir werden mit Ihnen zusammenarbeiten, um ein ma\u00dfgeschneidertes Erlebnis zu schaffen, das wirklich Ihren Interessen entspricht.<\/p>\n\n\n\n<p>Wir sind <strong>rund um die Uhr verf\u00fcgbar, um Sie zu unterst\u00fctzen<\/strong> Wir werden Sie mit allen Informationen versorgen, die Sie ben\u00f6tigen, um Ihre Zeit in M\u00fcnchen optimal zu nutzen.<\/p>\n\n\n\n<p>Warten Sie nicht. <a href=\"https:\/\/munichstagdo.com\/de\/anfrage\/\">jetzt anfragen<\/a> und lassen Sie uns Ihnen helfen, den ultimativen Junggesellenabschied in M\u00fcnchen zu planen.<\/p>\n\n\n\n<figure class=\"wp-block-image size-full\"><img loading=\"lazy\" decoding=\"async\" width=\"933\" height=\"613\" src=\"https:\/\/munichstagdo.com\/wp-content\/uploads\/Pub-crawl-party-time.webp\" alt=\"Zeit f\u00fcr eine Kneipentour\" class=\"wp-image-229\" srcset=\"https:\/\/munichstagdo.com\/wp-content\/uploads\/Pub-crawl-party-time.webp 933w, https:\/\/munichstagdo.com\/wp-content\/uploads\/Pub-crawl-party-time-300x197.webp 300w, https:\/\/munichstagdo.com\/wp-content\/uploads\/Pub-crawl-party-time-768x505.webp 768w, https:\/\/munichstagdo.com\/wp-content\/uploads\/Pub-crawl-party-time-18x12.webp 18w\" sizes=\"auto, (max-width: 933px) 100vw, 933px\" \/><figcaption class=\"wp-element-caption\">Zeit f\u00fcr eine Kneipentour<\/figcaption><\/figure>\n\n\n\n<p>Finden Sie heraus, wo Sie sonst noch mit uns auf einen Junggesellenabschied gehen k\u00f6nnen:<\/p>\n\n\n\n<ul class=\"wp-block-list\">\n<li><a href=\"https:\/\/amsterdam-stag-do.com\/\">Amsterdam Junggesellenabschied<\/a><\/li>\n\n\n\n<li><a href=\"https:\/\/berlin-stag-do.com\/\">Berlin Junggesellenabschied<\/a><\/li>\n\n\n\n<li><a href=\"https:\/\/hamburgstagdo.com\/\">Hamburger Junggesellenabschied<\/a><\/li>\n\n\n\n<li><a href=\"https:\/\/hvarstagdo.com\/\">Hvar Junggesellenabschied<\/a><\/li>\n\n\n\n<li><a href=\"https:\/\/lisbonstagdo.com\/\">Lissabon Junggesellenabschied<\/a><\/li>\n\n\n\n<li><a href=\"https:\/\/prague-stag-do.com\/\">Prag Junggesellenabschied<\/a><\/li>\n\n\n\n<li><a href=\"https:\/\/riga-stag-do.com\/\">Riga Junggesellenabschied<\/a><\/li>\n\n\n\n<li><a href=\"https:\/\/stagpartyljubljana.com\/\">Junggesellenabschied Ljubljana<\/a><\/li>\n\n\n\n<li><a href=\"https:\/\/ibizastagdo.com\">Ibiza Junggesellenabschied<\/a><\/li>\n\n\n\n<li><a href=\"https:\/\/benidorm-stag-do.com\/\">Benidorm Junggesellenabschied<\/a><\/li>\n\n\n\n<li><a href=\"https:\/\/budapest-stag-do.com\/\">Budapest Junggesellenabschied<\/a><\/li>\n\n\n\n<li><a href=\"https:\/\/stagdovegas.com\/\">Junggesellenabschied Vegas<\/a><\/li>\n\n\n\n<li><a href=\"https:\/\/stagdobarcelona.com\/\">Junggesellenabschied Barcelona<\/a><\/li>\n\n\n\n<li><a href=\"https:\/\/stagdozagreb.com\/\">Junggesellenabschied Zagreb<\/a><\/li>\n\n\n\n<li><a href=\"https:\/\/splitstagdo.com\/\">Split Junggesellenabschied<\/a><\/li>\n\n\n\n<li><a href=\"https:\/\/dubrovnikstagdo.com\/\">Dubrovnik Junggesellenabschied<\/a><\/li>\n\n\n\n<li><a href=\"https:\/\/madridstagdo.com\/\">Madrid Junggesellenabschied<\/a><\/li>\n\n\n\n<li><a href=\"https:\/\/bucharest-stag-do.com\/\">Bukarest Junggesellenabschied<\/a><\/li>\n\n\n\n<li><a href=\"https:\/\/albufeirastagdo.com\/\">Albufeira Junggesellenabschied<\/a><\/li>\n\n\n\n<li><a href=\"https:\/\/dublinstagdo.com\/\">Dublin Junggesellenabschied<\/a><\/li>\n\n\n\n<li><a href=\"https:\/\/stagdokrakow.com\/\">Krakau Junggesellenabschied<\/a><\/li>\n<\/ul>","protected":false},"excerpt":{"rendered":"<p>Wer auch immer auf der Suche nach einem wilden und unvergesslichen Junggesellenabschied in M\u00fcnchen ist, mein Team ist hier, um Ihnen zu helfen. Die Planung eines solchen Trips kann ganz sch\u00f6n anstrengend sein, aber mit unserer Expertise m\u00fcssen Sie sich um nichts k\u00fcmmern.  Wir sorgen daf\u00fcr, dass alles reibungslos abl\u00e4uft, damit Sie und Ihre Freunde ... <a href=\"https:\/\/munichstagdo.com\/de\/uber-uns\/\">Fortsetzung<\/a><\/p>","protected":false},"author":1,"featured_media":121,"parent":0,"menu_order":0,"comment_status":"closed","ping_status":"closed","template":"","meta":{"_acf_changed":false,"footnotes":""},"class_list":["post-53","page","type-page","status-publish","has-post-thumbnail","hentry"],"acf":{"page_subheading":"We are here to take the burden off your shoulders and help you plan a memorable stag do in Munich without making any unnecessary mistakes."},"_links":{"self":[{"href":"https:\/\/munichstagdo.com\/de\/wp-json\/wp\/v2\/pages\/53","targetHints":{"allow":["GET"]}}],"collection":[{"href":"https:\/\/munichstagdo.com\/de\/wp-json\/wp\/v2\/pages"}],"about":[{"href":"https:\/\/munichstagdo.com\/de\/wp-json\/wp\/v2\/types\/page"}],"author":[{"embeddable":true,"href":"https:\/\/munichstagdo.com\/de\/wp-json\/wp\/v2\/users\/1"}],"replies":[{"embeddable":true,"href":"https:\/\/munichstagdo.com\/de\/wp-json\/wp\/v2\/comments?post=53"}],"version-history":[{"count":15,"href":"https:\/\/munichstagdo.com\/de\/wp-json\/wp\/v2\/pages\/53\/revisions"}],"predecessor-version":[{"id":13012,"href":"https:\/\/munichstagdo.com\/de\/wp-json\/wp\/v2\/pages\/53\/revisions\/13012"}],"wp:featuredmedia":[{"embeddable":true,"href":"https:\/\/munichstagdo.com\/de\/wp-json\/wp\/v2\/media\/121"}],"wp:attachment":[{"href":"https:\/\/munichstagdo.com\/de\/wp-json\/wp\/v2\/media?parent=53"}],"curies":[{"name":"wp","href":"https:\/\/api.w.org\/{rel}","templated":true}]}}