{"id":41,"date":"2022-12-23T15:11:41","date_gmt":"2022-12-23T15:11:41","guid":{"rendered":"https:\/\/munichstagdo.com\/?page_id=41"},"modified":"2023-01-04T13:20:37","modified_gmt":"2023-01-04T13:20:37","slug":"como-llegar-a-munich","status":"publish","type":"page","link":"https:\/\/munichstagdo.com\/es\/como-llegar-a-munich\/","title":{"rendered":"C\u00f3mo llegar a M\u00fanich"},"content":{"rendered":"<p>En este art\u00edculo analizaremos las distintas opciones para llegar a M\u00fanich: en avi\u00f3n, en coche o en autob\u00fas. Independientemente del m\u00e9todo que elijas, llegar a M\u00fanich no deber\u00eda ser complicado.<\/p>\n\n\n\n<h2 class=\"wp-block-heading\">Plano<\/h2>\n\n\n\n<p>Una de las formas m\u00e1s c\u00f3modas de llegar a M\u00fanich es volando al aeropuerto internacional de la ciudad, <strong>Aeropuerto Franz Josef Strauss<\/strong>. El aeropuerto est\u00e1 situado a unos 45 kil\u00f3metros al noreste del centro de la ciudad y es f\u00e1cilmente accesible en taxi, autob\u00fas o tren. Muchas de las principales aerol\u00edneas ofrecen vuelos a M\u00fanich, por lo que no deber\u00eda tener problemas para encontrar una ruta directa desde su ubicaci\u00f3n.<\/p>\n\n\n\n<h2 class=\"wp-block-heading\">Tren<\/h2>\n\n\n\n<p>Si prefiere viajar en tren, M\u00fanich est\u00e1 bien conectada con el resto de Europa a trav\u00e9s de la red de trenes de alta velocidad ICE. La ciudad cuenta con<strong> dos estaciones de tren principales<\/strong>: Estaci\u00f3n Central de M\u00fanich (Hauptbahnhof) y Estaci\u00f3n del Este de M\u00fanich (Ostbahnhof). Ambas est\u00e1n situadas en el centro de la ciudad y ofrecen conexiones con otras ciudades importantes de Alemania y m\u00e1s all\u00e1.<\/p>\n\n\n\n<h2 class=\"wp-block-heading\">Coche<\/h2>\n\n\n\n<p>Si prefiere conducir, M\u00fanich es f\u00e1cilmente accesible en coche desde el resto de Europa. La ciudad est\u00e1 situada en el <strong>intersecci\u00f3n de varias autopistas importantes<\/strong>A9, A92 y A99, entre otras. Si vienes desde el interior de Alemania, tambi\u00e9n puedes tomar el tren y alquilar un coche una vez llegues a la ciudad.<\/p>\n\n\n\n<h2 class=\"wp-block-heading\">Autob\u00fas<\/h2>\n\n\n\n<p>Si viene desde Alemania, hay varias compa\u00f1\u00edas de autobuses nacionales e internacionales que ofrecen servicio regular a M\u00fanich. Flixbus y MeinFernbus son dos opciones populares que operan en toda Alemania con salidas frecuentes desde las principales ciudades. Si viene de m\u00e1s lejos, tambi\u00e9n hay <strong>varias empresas internacionales de autobuses<\/strong> que conducen a M\u00fanich, incluidas Eurolines y Busbud.<\/p>\n\n\n\n<p>Una vez en M\u00fanich, puede utilizar el <strong>transporte p\u00fablico eficiente<\/strong> sistema para llegar a su destino final.<\/p>\n\n\n\n<h2 class=\"wp-block-heading\">Visita M\u00fanich con la Despedida de Soltero de M\u00fanich<\/h2>\n\n\n\n<p>Tanto si viaja a M\u00fanich en avi\u00f3n, tren, autob\u00fas o autom\u00f3vil, es fundamental planificar su viaje con antelaci\u00f3n y <strong>tenga en cuenta su presupuesto y sus preferencias de viaje<\/strong>. Con un poco de planificaci\u00f3n, podr\u00e1 encontrar f\u00e1cilmente la mejor manera de llegar a esta bella y vibrante ciudad.<\/p>\n\n\n\n<p>Nuestro personal <strong>facilitar toda la informaci\u00f3n<\/strong> que necesita para viajar c\u00f3modamente a M\u00fanich y hacer que su estancia en la ciudad sea lo m\u00e1s agradable posible si opta por viajar con nosotros.<\/p>\n\n\n\n<p>Puede informarse de todo lo que hacemos en <a href=\"https:\/\/munichstagdo.com\/es\/\">Despedida de soltero en M\u00fanich<\/a>!<\/p>","protected":false},"excerpt":{"rendered":"<p>En este art\u00edculo analizaremos las distintas opciones para llegar a M\u00fanich: en avi\u00f3n, en coche o en autob\u00fas. Independientemente del m\u00e9todo que elija, llegar a M\u00fanich no le resultar\u00e1 complicado. Avi\u00f3n Una de las formas m\u00e1s c\u00f3modas de llegar a M\u00fanich es volando al aeropuerto internacional de la ciudad, el aeropuerto Franz Josef Strauss. El ... <a href=\"https:\/\/munichstagdo.com\/es\/como-llegar-a-munich\/\">Contin\u00faa en<\/a><\/p>","protected":false},"author":1,"featured_media":101,"parent":0,"menu_order":0,"comment_status":"closed","ping_status":"closed","template":"","meta":{"_acf_changed":false,"footnotes":""},"class_list":["post-41","page","type-page","status-publish","has-post-thumbnail","hentry"],"acf":{"page_subheading":"Learn everything you need to know about how to get to the Bavarian capital and focus on enjoying your stay in the city without worrying about logistics."},"_links":{"self":[{"href":"https:\/\/munichstagdo.com\/es\/wp-json\/wp\/v2\/pages\/41","targetHints":{"allow":["GET"]}}],"collection":[{"href":"https:\/\/munichstagdo.com\/es\/wp-json\/wp\/v2\/pages"}],"about":[{"href":"https:\/\/munichstagdo.com\/es\/wp-json\/wp\/v2\/types\/page"}],"author":[{"embeddable":true,"href":"https:\/\/munichstagdo.com\/es\/wp-json\/wp\/v2\/users\/1"}],"replies":[{"embeddable":true,"href":"https:\/\/munichstagdo.com\/es\/wp-json\/wp\/v2\/comments?post=41"}],"version-history":[{"count":4,"href":"https:\/\/munichstagdo.com\/es\/wp-json\/wp\/v2\/pages\/41\/revisions"}],"predecessor-version":[{"id":430,"href":"https:\/\/munichstagdo.com\/es\/wp-json\/wp\/v2\/pages\/41\/revisions\/430"}],"wp:featuredmedia":[{"embeddable":true,"href":"https:\/\/munichstagdo.com\/es\/wp-json\/wp\/v2\/media\/101"}],"wp:attachment":[{"href":"https:\/\/munichstagdo.com\/es\/wp-json\/wp\/v2\/media?parent=41"}],"curies":[{"name":"wp","href":"https:\/\/api.w.org\/{rel}","templated":true}]}}