{"id":47,"date":"2022-12-23T15:12:08","date_gmt":"2022-12-23T15:12:08","guid":{"rendered":"https:\/\/munichstagdo.com\/?page_id=47"},"modified":"2023-01-04T13:21:30","modified_gmt":"2023-01-04T13:21:30","slug":"sobre-munich","status":"publish","type":"page","link":"https:\/\/munichstagdo.com\/es\/sobre-munich\/","title":{"rendered":"Acerca de M\u00fanich"},"content":{"rendered":"<p>M\u00fanich es la capital del estado federado alem\u00e1n de <strong>Baviera<\/strong>La ciudad de Baviera est\u00e1 situada en el sur de Alemania. En ella viven alrededor de 1,5 millones de personas, lo que la convierte en la tercera ciudad m\u00e1s poblada de Alemania. La ciudad es conocida por su <strong>rica historia, diversidad cultural e impresionante arquitectura<\/strong>.&nbsp;<\/p>\n\n\n\n<p>Entre los monumentos m\u00e1s famosos de M\u00fanich se encuentran la Frauenkirche, la <strong>Palacio de Nymphenburg<\/strong>y el <strong>Marienplatz<\/strong>. La ciudad tambi\u00e9n alberga numerosos museos y galer\u00edas famosos, como la Alte Pinakothek y la <strong>Museo BMW<\/strong>.<\/p>\n\n\n\n<p>Situada en el coraz\u00f3n de Europa, M\u00fanich est\u00e1 rodeada de bellos paisajes y es un destino popular para los amantes de las actividades al aire libre. Desde el <strong>Alpes b\u00e1varos<\/strong> en el sur hasta el pintoresco <strong>lagos<\/strong> En el norte, hay infinitas oportunidades para practicar senderismo, ciclismo y esqu\u00ed.<\/p>\n\n\n\n<figure class=\"wp-block-image size-large\"><img loading=\"lazy\" decoding=\"async\" width=\"1024\" height=\"513\" src=\"https:\/\/munichstagdo.com\/wp-content\/uploads\/Munich-crowd-1024x513.webp\" alt=\"M\u00fanich\" class=\"wp-image-81\" srcset=\"https:\/\/munichstagdo.com\/wp-content\/uploads\/Munich-crowd-1024x513.webp 1024w, https:\/\/munichstagdo.com\/wp-content\/uploads\/Munich-crowd-300x150.webp 300w, https:\/\/munichstagdo.com\/wp-content\/uploads\/Munich-crowd-768x385.webp 768w, https:\/\/munichstagdo.com\/wp-content\/uploads\/Munich-crowd-1536x769.webp 1536w, https:\/\/munichstagdo.com\/wp-content\/uploads\/Munich-crowd-2048x1025.webp 2048w, https:\/\/munichstagdo.com\/wp-content\/uploads\/Munich-crowd-18x9.webp 18w, https:\/\/munichstagdo.com\/wp-content\/uploads\/Munich-crowd-scaled.webp 1920w\" sizes=\"auto, (max-width: 1024px) 100vw, 1024px\" \/><figcaption class=\"wp-element-caption\">M\u00fanich <\/figcaption><\/figure>\n\n\n\n<h2 class=\"wp-block-heading\">Fiestas en M\u00fanich<\/h2>\n\n\n\n<p>Cuando se trata de vida nocturna, M\u00fanich es una ciudad que nunca duerme. Con una <strong>vibrante ambiente festivo<\/strong>Los clubes, bares y pubs de la ciudad tienen algo para todos los gustos. La ciudad es conocida por sus mundialmente famosos <strong>Oktoberfest<\/strong>que atrae a millones de visitantes cada a\u00f1o.&nbsp;<\/p>\n\n\n\n<p>Pero incluso fuera de la Oktoberfest, M\u00fanich tiene fama de ser una ciudad de fiesta con varios clubes y bares.<\/p>\n\n\n\n<p>Algunos de los <strong>clubes m\u00e1s populares de la ciudad<\/strong> incluyen P1, Rote Sonne y Muffathalle. La vida nocturna de la ciudad es conocida por su mezcla de cultura de fiesta tradicional b\u00e1vara y moderna, con una amplia oferta de m\u00fasica y eventos para todos los gustos.<\/p>\n\n\n\n<figure class=\"wp-block-image size-full\"><img loading=\"lazy\" decoding=\"async\" width=\"876\" height=\"580\" src=\"https:\/\/munichstagdo.com\/wp-content\/uploads\/Clubbing-in-Munich.webp\" alt=\"De marcha por M\u00fanich\" class=\"wp-image-170\" srcset=\"https:\/\/munichstagdo.com\/wp-content\/uploads\/Clubbing-in-Munich.webp 876w, https:\/\/munichstagdo.com\/wp-content\/uploads\/Clubbing-in-Munich-300x199.webp 300w, https:\/\/munichstagdo.com\/wp-content\/uploads\/Clubbing-in-Munich-768x508.webp 768w, https:\/\/munichstagdo.com\/wp-content\/uploads\/Clubbing-in-Munich-18x12.webp 18w\" sizes=\"auto, (max-width: 876px) 100vw, 876px\" \/><figcaption class=\"wp-element-caption\">De marcha por M\u00fanich<\/figcaption><\/figure>\n\n\n\n<h2 class=\"wp-block-heading\">Cocina b\u00e1vara<\/h2>\n\n\n\n<p>La comida y la bebida b\u00e1varas son parte integrante de la cultura de la ciudad. <strong>Cocina b\u00e1vara<\/strong> es abundante y saciante, con platos como el cerdo asado con alb\u00f3ndigas y chucrut o el schweinshaxe (jarrete de jam\u00f3n asado). <strong>Cerveza b\u00e1vara<\/strong> tambi\u00e9n es famosa en todo el mundo, ya que M\u00fanich alberga varias cervecer\u00edas emblem\u00e1ticas, como Hofbr\u00e4uhaus y Augustiner.<\/p>\n\n\n\n<figure class=\"wp-block-image size-large\"><img loading=\"lazy\" decoding=\"async\" width=\"1024\" height=\"466\" src=\"https:\/\/munichstagdo.com\/wp-content\/uploads\/Munich-partylife-1-1024x466.webp\" alt=\"M\u00fanich y la cerveza\" class=\"wp-image-173\" srcset=\"https:\/\/munichstagdo.com\/wp-content\/uploads\/Munich-partylife-1-1024x466.webp 1024w, https:\/\/munichstagdo.com\/wp-content\/uploads\/Munich-partylife-1-300x136.webp 300w, https:\/\/munichstagdo.com\/wp-content\/uploads\/Munich-partylife-1-768x349.webp 768w, https:\/\/munichstagdo.com\/wp-content\/uploads\/Munich-partylife-1-1536x699.webp 1536w, https:\/\/munichstagdo.com\/wp-content\/uploads\/Munich-partylife-1-2048x932.webp 2048w, https:\/\/munichstagdo.com\/wp-content\/uploads\/Munich-partylife-1-18x8.webp 18w, https:\/\/munichstagdo.com\/wp-content\/uploads\/Munich-partylife-1-scaled.webp 1920w\" sizes=\"auto, (max-width: 1024px) 100vw, 1024px\" \/><figcaption class=\"wp-element-caption\">M\u00fanich y la cerveza<\/figcaption><\/figure>\n\n\n\n<h2 class=\"wp-block-heading\">Visita la capital europea de la cerveza con la despedida de soltero en M\u00fanich.<\/h2>\n\n\n\n<p>M\u00fanich est\u00e1 considerada una de las ciudades m\u00e1s caras de Alemania, con precios de comestibles, alquiler y otros gastos superiores a la media nacional. Sin embargo, hay formas de ahorrar dinero sin dejar de disfrutar de todo lo que ofrece la ciudad. S\u00f3lo hay que conocer a la gente adecuada que conozca los entresijos de la capital b\u00e1vara.<\/p>\n\n\n\n<p>En general, M\u00fanich es una ciudad vibrante y emocionante que ofrece un <strong>mezcla \u00fanica de cultura, historia y vida nocturna<\/strong>. Tanto si desea experimentar la cultura tradicional b\u00e1vara, salir de fiesta toda la noche o simplemente disfrutar de una deliciosa comida y bebida, M\u00fanich tiene algo para todos los gustos.<\/p>\n\n\n\n<p>Para una despedida de soltero, M\u00fanich es una ciudad sin igual. Dir\u00edjase a <a href=\"https:\/\/munichstagdo.com\/es\/\">Despedida de soltero en M\u00fanich<\/a> y compruebe c\u00f3mo podemos ayudarle a conseguir la despedida de soltero que ninguno de ustedes olvidar\u00e1 jam\u00e1s.<\/p>","protected":false},"excerpt":{"rendered":"<p>M\u00fanich es la capital del estado alem\u00e1n de Baviera, situado en el sur de Alemania. En ella viven alrededor de 1,5 millones de personas, lo que la convierte en la tercera ciudad m\u00e1s poblada de Alemania. La ciudad es conocida por su rica historia, su diversidad cultural y su impresionante arquitectura.  Entre los monumentos m\u00e1s famosos de M\u00fanich figuran la Frauenkirche, ... <a href=\"https:\/\/munichstagdo.com\/es\/sobre-munich\/\">Contin\u00faa en<\/a><\/p>","protected":false},"author":1,"featured_media":70,"parent":0,"menu_order":0,"comment_status":"closed","ping_status":"closed","template":"","meta":{"_acf_changed":false,"footnotes":""},"class_list":["post-47","page","type-page","status-publish","has-post-thumbnail","hentry"],"acf":{"page_subheading":"Everything you need to know about one of Germany\u2019s flagship cities in one place \u2014 from the main landmarks to its lively nightlife and local specialties."},"_links":{"self":[{"href":"https:\/\/munichstagdo.com\/es\/wp-json\/wp\/v2\/pages\/47","targetHints":{"allow":["GET"]}}],"collection":[{"href":"https:\/\/munichstagdo.com\/es\/wp-json\/wp\/v2\/pages"}],"about":[{"href":"https:\/\/munichstagdo.com\/es\/wp-json\/wp\/v2\/types\/page"}],"author":[{"embeddable":true,"href":"https:\/\/munichstagdo.com\/es\/wp-json\/wp\/v2\/users\/1"}],"replies":[{"embeddable":true,"href":"https:\/\/munichstagdo.com\/es\/wp-json\/wp\/v2\/comments?post=47"}],"version-history":[{"count":6,"href":"https:\/\/munichstagdo.com\/es\/wp-json\/wp\/v2\/pages\/47\/revisions"}],"predecessor-version":[{"id":431,"href":"https:\/\/munichstagdo.com\/es\/wp-json\/wp\/v2\/pages\/47\/revisions\/431"}],"wp:featuredmedia":[{"embeddable":true,"href":"https:\/\/munichstagdo.com\/es\/wp-json\/wp\/v2\/media\/70"}],"wp:attachment":[{"href":"https:\/\/munichstagdo.com\/es\/wp-json\/wp\/v2\/media?parent=47"}],"curies":[{"name":"wp","href":"https:\/\/api.w.org\/{rel}","templated":true}]}}