{"id":53,"date":"2022-12-23T15:12:34","date_gmt":"2022-12-23T15:12:34","guid":{"rendered":"https:\/\/munichstagdo.com\/?page_id=53"},"modified":"2026-02-24T11:40:47","modified_gmt":"2026-02-24T11:40:47","slug":"acerca-de-nosotros","status":"publish","type":"page","link":"https:\/\/munichstagdo.com\/es\/acerca-de-nosotros\/","title":{"rendered":"Qui\u00e9nes somos"},"content":{"rendered":"<p>Quien est\u00e9 buscando una despedida de soltero salvaje e inolvidable en M\u00fanich, mi equipo est\u00e1 aqu\u00ed para ayudarle. Planificar un viaje as\u00ed puede ser un engorro, pero con nuestra experiencia no tendr\u00e1s que preocuparte de nada.&nbsp;<\/p>\n\n\n\n<p>Nos aseguraremos de que todo vaya sobre ruedas, para que t\u00fa y tus amigos pod\u00e1is centraros en pasarlo en grande. <strong>Nuestros conocimientos y contactos<\/strong> puede ayudarle a evitar errores costosos, por ejemplo, programar actividades que no interfieran con sus fiestas.<\/p>\n\n\n\n<p>Deje que nos encarguemos de los detalles y cree un <strong>itinerario personalizado<\/strong> que har\u00e1n que su despedida de soltero en M\u00fanich sea inolvidable. Tu despedida de soltero y todos sus mejores amigos se merecen una celebraci\u00f3n inolvidable y sin estr\u00e9s, as\u00ed que deja que nosotros nos encarguemos de que as\u00ed sea.<\/p>\n\n\n\n<h2 class=\"wp-block-heading\">Un equipo de expertos en viajes y fiestas<\/h2>\n\n\n\n<p>Llevamos m\u00e1s de siete a\u00f1os ayudando a grupos de amigos a celebrar sus \u00faltimos d\u00edas de libertad con memorables experiencias de despedida de soltero por toda Europa. Como <strong>compa\u00f1\u00eda de viajes con seguro a todo riesgo<\/strong>Su seguridad financiera es nuestra m\u00e1xima prioridad.<\/p>\n\n\n\n<p>Nuestra <strong>paquetes personalizables<\/strong> le facilitamos la planificaci\u00f3n de la despedida de soltero perfecta en M\u00fanich. Nos ocuparemos de todos los detalles para garantizar que su experiencia sea agradable y sin complicaciones, incluida la reserva de su <strong>alojamiento<\/strong>y actividades de ocio. Podr\u00e1 sentarse, relajarse y concentrarse en crear recuerdos con sus amigos que durar\u00e1n toda la vida.<\/p>\n\n\n\n<p>M\u00fanich es una ciudad que lo tiene todo. Desde su <strong>rica historia y lugares de inter\u00e9s cultural<\/strong> a su <strong>bulliciosa vida nocturna<\/strong>Hay algo para todos los gustos en esta ciudad. Munich es el destino perfecto para tu despedida de soltero, tanto si quieres salir de fiesta con tus amigos como si prefieres explorar las numerosas atracciones de la ciudad.<\/p>\n\n\n\n<p>Estamos orgullosos de ofrecer una gama de servicios en M\u00fanich dise\u00f1ados para hacer de su despedida de soltero la mejor de toda su vida. Nuestro<strong> empresas colaboradoras de confianza<\/strong> ofrecen una variedad de actividades \u00fanicas que le proporcionar\u00e1n un mont\u00f3n de experiencias inolvidables. Hemos elegido cuidadosamente a estos socios porque coinciden con nuestros valores y ofrecen un servicio de m\u00e1xima calidad.&nbsp;<\/p>\n\n\n\n<p>Entendemos lo que buscan los grupos de despedida de soltero, y estamos dispuestos a d\u00e1rselo multiplicado por diez.<\/p>\n\n\n\n<h2 class=\"wp-block-heading\">\u00a1Es hora del mejor fin de semana de vuestras vidas!<\/h2>\n\n\n\n<p>Nuestro equipo se dedica a ayudarle a planificar <strong>despedida de soltero definitiva en M\u00fanich<\/strong>adaptando nuestros servicios a sus necesidades y preferencias espec\u00edficas. Entendemos que cada grupo es diferente, y trabajaremos con usted para crear una experiencia personalizada que realmente se adapte a sus intereses.<\/p>\n\n\n\n<p>Somos <strong>disponible las 24 horas del d\u00eda para ayudarle<\/strong> con cualquier pregunta o problema que pueda surgir, y le proporcionaremos toda la informaci\u00f3n que necesite para aprovechar al m\u00e1ximo su estancia en M\u00fanich.<\/p>\n\n\n\n<p>No esperes. <a href=\"https:\/\/munichstagdo.com\/es\/consulta\/\">Inf\u00f3rmese ahora<\/a> y perm\u00edtanos ayudarle a planificar la despedida de soltero definitiva en M\u00fanich.<\/p>\n\n\n\n<figure class=\"wp-block-image size-full\"><img loading=\"lazy\" decoding=\"async\" width=\"933\" height=\"613\" src=\"https:\/\/munichstagdo.com\/wp-content\/uploads\/Pub-crawl-party-time.webp\" alt=\"Hora de la fiesta\" class=\"wp-image-229\" srcset=\"https:\/\/munichstagdo.com\/wp-content\/uploads\/Pub-crawl-party-time.webp 933w, https:\/\/munichstagdo.com\/wp-content\/uploads\/Pub-crawl-party-time-300x197.webp 300w, https:\/\/munichstagdo.com\/wp-content\/uploads\/Pub-crawl-party-time-768x505.webp 768w, https:\/\/munichstagdo.com\/wp-content\/uploads\/Pub-crawl-party-time-18x12.webp 18w\" sizes=\"auto, (max-width: 933px) 100vw, 933px\" \/><figcaption class=\"wp-element-caption\">Hora de la fiesta<\/figcaption><\/figure>\n\n\n\n<p>Compruebe d\u00f3nde m\u00e1s puede ir de despedida de soltero con nosotros:<\/p>\n\n\n\n<ul class=\"wp-block-list\">\n<li><a href=\"https:\/\/amsterdam-stag-do.com\/\">Despedida de soltero en \u00c1msterdam<\/a><\/li>\n\n\n\n<li><a href=\"https:\/\/berlin-stag-do.com\/\">Despedida de soltero en Berl\u00edn<\/a><\/li>\n\n\n\n<li><a href=\"https:\/\/hamburgstagdo.com\/\">Despedida de soltero en Hamburgo<\/a><\/li>\n\n\n\n<li><a href=\"https:\/\/hvarstagdo.com\/\">Despedida de soltero en Hvar<\/a><\/li>\n\n\n\n<li><a href=\"https:\/\/lisbonstagdo.com\/\">Despedida de soltero en Lisboa<\/a><\/li>\n\n\n\n<li><a href=\"https:\/\/prague-stag-do.com\/\">Despedida de soltero en Praga<\/a><\/li>\n\n\n\n<li><a href=\"https:\/\/riga-stag-do.com\/\">Despedida de soltero en Riga<\/a><\/li>\n\n\n\n<li><a href=\"https:\/\/stagpartyljubljana.com\/\">Despedida de soltero Liubliana<\/a><\/li>\n\n\n\n<li><a href=\"https:\/\/ibizastagdo.com\">Despedida de soltero en Ibiza<\/a><\/li>\n\n\n\n<li><a href=\"https:\/\/benidorm-stag-do.com\/\">Benidorm Despedida de soltero<\/a><\/li>\n\n\n\n<li><a href=\"https:\/\/budapest-stag-do.com\/\">Despedida de soltero en Budapest<\/a><\/li>\n\n\n\n<li><a href=\"https:\/\/stagdovegas.com\/\">Despedida de soltero en Las Vegas<\/a><\/li>\n\n\n\n<li><a href=\"https:\/\/stagdobarcelona.com\/\">Despedida de soltero Barcelona<\/a><\/li>\n\n\n\n<li><a href=\"https:\/\/stagdozagreb.com\/\">Despedida de soltero Zagreb<\/a><\/li>\n\n\n\n<li><a href=\"https:\/\/splitstagdo.com\/\">Despedida de soltero en Split<\/a><\/li>\n\n\n\n<li><a href=\"https:\/\/dubrovnikstagdo.com\/\">Despedida de soltero en Dubrovnik<\/a><\/li>\n\n\n\n<li><a href=\"https:\/\/madridstagdo.com\/\">Despedida de soltero en Madrid<\/a><\/li>\n\n\n\n<li><a href=\"https:\/\/bucharest-stag-do.com\/\">Despedida de soltero en Bucarest<\/a><\/li>\n\n\n\n<li><a href=\"https:\/\/albufeirastagdo.com\/\">Despedida de soltero en Albufeira<\/a><\/li>\n\n\n\n<li><a href=\"https:\/\/dublinstagdo.com\/\">Despedida de soltero en Dubl\u00edn<\/a><\/li>\n\n\n\n<li><a href=\"https:\/\/stagdokrakow.com\/\">Despedida de soltero en Cracovia<\/a><\/li>\n<\/ul>","protected":false},"excerpt":{"rendered":"<p>Quien est\u00e9 buscando una despedida de soltero salvaje e inolvidable en M\u00fanich, mi equipo est\u00e1 aqu\u00ed para ayudarle. Planificar un viaje como \u00e9ste puede ser un engorro, pero con nuestra experiencia, no tendr\u00e1 que preocuparse de nada.  Nos aseguraremos de que todo vaya sobre ruedas, para que usted y sus amigos ... <a href=\"https:\/\/munichstagdo.com\/es\/acerca-de-nosotros\/\">Contin\u00faa en<\/a><\/p>","protected":false},"author":1,"featured_media":121,"parent":0,"menu_order":0,"comment_status":"closed","ping_status":"closed","template":"","meta":{"_acf_changed":false,"footnotes":""},"class_list":["post-53","page","type-page","status-publish","has-post-thumbnail","hentry"],"acf":{"page_subheading":"We are here to take the burden off your shoulders and help you plan a memorable stag do in Munich without making any unnecessary mistakes."},"_links":{"self":[{"href":"https:\/\/munichstagdo.com\/es\/wp-json\/wp\/v2\/pages\/53","targetHints":{"allow":["GET"]}}],"collection":[{"href":"https:\/\/munichstagdo.com\/es\/wp-json\/wp\/v2\/pages"}],"about":[{"href":"https:\/\/munichstagdo.com\/es\/wp-json\/wp\/v2\/types\/page"}],"author":[{"embeddable":true,"href":"https:\/\/munichstagdo.com\/es\/wp-json\/wp\/v2\/users\/1"}],"replies":[{"embeddable":true,"href":"https:\/\/munichstagdo.com\/es\/wp-json\/wp\/v2\/comments?post=53"}],"version-history":[{"count":15,"href":"https:\/\/munichstagdo.com\/es\/wp-json\/wp\/v2\/pages\/53\/revisions"}],"predecessor-version":[{"id":13012,"href":"https:\/\/munichstagdo.com\/es\/wp-json\/wp\/v2\/pages\/53\/revisions\/13012"}],"wp:featuredmedia":[{"embeddable":true,"href":"https:\/\/munichstagdo.com\/es\/wp-json\/wp\/v2\/media\/121"}],"wp:attachment":[{"href":"https:\/\/munichstagdo.com\/es\/wp-json\/wp\/v2\/media?parent=53"}],"curies":[{"name":"wp","href":"https:\/\/api.w.org\/{rel}","templated":true}]}}