{"id":41,"date":"2022-12-23T15:11:41","date_gmt":"2022-12-23T15:11:41","guid":{"rendered":"https:\/\/munichstagdo.com\/?page_id=41"},"modified":"2023-01-04T13:20:37","modified_gmt":"2023-01-04T13:20:37","slug":"comment-se-rendre-a-munich","status":"publish","type":"page","link":"https:\/\/munichstagdo.com\/fr\/comment-se-rendre-a-munich\/","title":{"rendered":"Comment se rendre \u00e0 Munich"},"content":{"rendered":"<p>Dans cet article, nous allons aborder les diff\u00e9rentes options pour se rendre \u00e0 Munich, notamment l'avion, la voiture et le bus. Quelle que soit la m\u00e9thode que vous choisissez, se rendre \u00e0 Munich ne devrait pas \u00eatre compliqu\u00e9.<\/p>\n\n\n\n<h2 class=\"wp-block-heading\">Avion<\/h2>\n\n\n\n<p>L'un des moyens les plus pratiques de se rendre \u00e0 Munich est de prendre l'avion \u00e0 l'a\u00e9roport international de la ville, <strong>A\u00e9roport Franz Josef Strauss<\/strong>. L'a\u00e9roport est situ\u00e9 \u00e0 environ 45 kilom\u00e8tres au nord-est du centre-ville et est facilement accessible en taxi, en bus ou en train. De nombreuses grandes compagnies a\u00e9riennes proposent des vols \u00e0 destination de Munich, vous ne devriez donc avoir aucun mal \u00e0 trouver un itin\u00e9raire direct depuis votre lieu de r\u00e9sidence.<\/p>\n\n\n\n<h2 class=\"wp-block-heading\">Train<\/h2>\n\n\n\n<p>Si vous pr\u00e9f\u00e9rez voyager en train, Munich est bien reli\u00e9e au reste de l'Europe par le r\u00e9seau de trains \u00e0 grande vitesse ICE. La ville dispose de<strong> deux gares principales<\/strong>: La gare centrale de Munich (Hauptbahnhof) et la gare de l'Est de Munich (Ostbahnhof). Toutes deux sont situ\u00e9es dans le centre de la ville et offrent des correspondances vers d'autres grandes villes d'Allemagne et au-del\u00e0.<\/p>\n\n\n\n<h2 class=\"wp-block-heading\">Voiture<\/h2>\n\n\n\n<p>Si vous pr\u00e9f\u00e9rez conduire, Munich est facilement accessible en voiture depuis le reste de l'Europe. La ville est situ\u00e9e \u00e0 la <strong>intersection de plusieurs autoroutes importantes<\/strong>Vous pouvez \u00e9galement emprunter les autoroutes A9, A92 et A99. Si vous venez d'Allemagne, vous pouvez \u00e9galement prendre le train et louer une voiture une fois arriv\u00e9 dans la ville.<\/p>\n\n\n\n<h2 class=\"wp-block-heading\">Bus<\/h2>\n\n\n\n<p>Si vous venez d'Allemagne, plusieurs compagnies de bus nationales et internationales proposent un service r\u00e9gulier vers Munich. Flixbus et MeinFernbus sont deux options populaires qui op\u00e8rent dans toute l'Allemagne avec des d\u00e9parts fr\u00e9quents des principales villes. Si vous venez de plus loin, il y a \u00e9galement <strong>plusieurs compagnies de bus internationales<\/strong> qui se rendent \u00e0 Munich, notamment Eurolines et Busbud.<\/p>\n\n\n\n<p>Une fois arriv\u00e9 \u00e0 Munich, vous pouvez utiliser les services de la ville. <strong>des transports publics efficaces<\/strong> pour atteindre votre destination finale.<\/p>\n\n\n\n<h2 class=\"wp-block-heading\">Visitez Munich avec l'enterrement de vie de gar\u00e7on de Munich !<\/h2>\n\n\n\n<p>Que vous vous rendiez \u00e0 Munich en avion, en train, en bus ou en voiture, il est crucial de planifier votre voyage \u00e0 l'avance et de <strong>d'examiner votre budget et vos pr\u00e9f\u00e9rences en mati\u00e8re de voyage<\/strong>. Avec un peu de planification, vous pouvez facilement trouver le meilleur moyen de vous rendre dans cette ville magnifique et dynamique.<\/p>\n\n\n\n<p>Notre personnel <strong>fournir toutes les informations<\/strong> vous devez voyager confortablement \u00e0 Munich et rendre votre s\u00e9jour dans la ville aussi agr\u00e9able que possible si vous choisissez de voyager avec nous.<\/p>\n\n\n\n<p>Vous pouvez d\u00e9couvrir tout ce que nous faisons sur le site <a href=\"https:\/\/munichstagdo.com\/fr\/\">Enterrement de vie de gar\u00e7on \u00e0 Munich<\/a>!<\/p>","protected":false},"excerpt":{"rendered":"<p>Dans cet article, nous aborderons les diff\u00e9rentes options pour se rendre \u00e0 Munich, \u00e0 savoir l'avion, la voiture et le bus. Quelle que soit la m\u00e9thode choisie, se rendre \u00e0 Munich ne devrait pas \u00eatre compliqu\u00e9. Avion L'un des moyens les plus pratiques de se rendre \u00e0 Munich est d'atterrir \u00e0 l'a\u00e9roport international de la ville, l'a\u00e9roport Franz Josef Strauss. L'a\u00e9roport ... <a href=\"https:\/\/munichstagdo.com\/fr\/comment-se-rendre-a-munich\/\">Suite<\/a><\/p>","protected":false},"author":1,"featured_media":101,"parent":0,"menu_order":0,"comment_status":"closed","ping_status":"closed","template":"","meta":{"_acf_changed":false,"footnotes":""},"class_list":["post-41","page","type-page","status-publish","has-post-thumbnail","hentry"],"acf":{"page_subheading":"Learn everything you need to know about how to get to the Bavarian capital and focus on enjoying your stay in the city without worrying about logistics."},"_links":{"self":[{"href":"https:\/\/munichstagdo.com\/fr\/wp-json\/wp\/v2\/pages\/41","targetHints":{"allow":["GET"]}}],"collection":[{"href":"https:\/\/munichstagdo.com\/fr\/wp-json\/wp\/v2\/pages"}],"about":[{"href":"https:\/\/munichstagdo.com\/fr\/wp-json\/wp\/v2\/types\/page"}],"author":[{"embeddable":true,"href":"https:\/\/munichstagdo.com\/fr\/wp-json\/wp\/v2\/users\/1"}],"replies":[{"embeddable":true,"href":"https:\/\/munichstagdo.com\/fr\/wp-json\/wp\/v2\/comments?post=41"}],"version-history":[{"count":4,"href":"https:\/\/munichstagdo.com\/fr\/wp-json\/wp\/v2\/pages\/41\/revisions"}],"predecessor-version":[{"id":430,"href":"https:\/\/munichstagdo.com\/fr\/wp-json\/wp\/v2\/pages\/41\/revisions\/430"}],"wp:featuredmedia":[{"embeddable":true,"href":"https:\/\/munichstagdo.com\/fr\/wp-json\/wp\/v2\/media\/101"}],"wp:attachment":[{"href":"https:\/\/munichstagdo.com\/fr\/wp-json\/wp\/v2\/media?parent=41"}],"curies":[{"name":"wp","href":"https:\/\/api.w.org\/{rel}","templated":true}]}}