{"id":47,"date":"2022-12-23T15:12:08","date_gmt":"2022-12-23T15:12:08","guid":{"rendered":"https:\/\/munichstagdo.com\/?page_id=47"},"modified":"2023-01-04T13:21:30","modified_gmt":"2023-01-04T13:21:30","slug":"a-propos-de-munich","status":"publish","type":"page","link":"https:\/\/munichstagdo.com\/fr\/a-propos-de-munich\/","title":{"rendered":"\u00c0 propos de Munich"},"content":{"rendered":"<p>Munich est la capitale de l'\u00c9tat allemand de <strong>Bavi\u00e8re<\/strong>Elle est situ\u00e9e dans le sud de l'Allemagne. Elle compte environ 1,5 million d'habitants, ce qui en fait la troisi\u00e8me ville la plus peupl\u00e9e d'Allemagne. La ville est connue pour ses <strong>une histoire riche, une diversit\u00e9 culturelle et une architecture \u00e9tonnante.<\/strong>.&nbsp;<\/p>\n\n\n\n<p>Les monuments les plus c\u00e9l\u00e8bres de Munich comprennent la Frauenkirche, la <strong>Palais de Nymphenburg<\/strong>et le <strong>Marienplatz<\/strong>. La ville abrite \u00e9galement de nombreux mus\u00e9es et galeries c\u00e9l\u00e8bres, dont l'Alte Pinakothek et la <strong>Mus\u00e9e BMW<\/strong>.<\/p>\n\n\n\n<p>Situ\u00e9e au c\u0153ur de l'Europe, Munich est entour\u00e9e de paysages magnifiques et constitue une destination populaire pour les amateurs de plein air. De la <strong>Alpes bavaroises<\/strong> dans le sud jusqu'au pittoresque <strong>lacs<\/strong> dans le nord, les possibilit\u00e9s de randonn\u00e9e, de cyclisme et de ski sont infinies.<\/p>\n\n\n\n<figure class=\"wp-block-image size-large\"><img loading=\"lazy\" decoding=\"async\" width=\"1024\" height=\"513\" src=\"https:\/\/munichstagdo.com\/wp-content\/uploads\/Munich-crowd-1024x513.webp\" alt=\"Munich\" class=\"wp-image-81\" srcset=\"https:\/\/munichstagdo.com\/wp-content\/uploads\/Munich-crowd-1024x513.webp 1024w, https:\/\/munichstagdo.com\/wp-content\/uploads\/Munich-crowd-300x150.webp 300w, https:\/\/munichstagdo.com\/wp-content\/uploads\/Munich-crowd-768x385.webp 768w, https:\/\/munichstagdo.com\/wp-content\/uploads\/Munich-crowd-1536x769.webp 1536w, https:\/\/munichstagdo.com\/wp-content\/uploads\/Munich-crowd-2048x1025.webp 2048w, https:\/\/munichstagdo.com\/wp-content\/uploads\/Munich-crowd-18x9.webp 18w, https:\/\/munichstagdo.com\/wp-content\/uploads\/Munich-crowd-scaled.webp 1920w\" sizes=\"auto, (max-width: 1024px) 100vw, 1024px\" \/><figcaption class=\"wp-element-caption\">Munich <\/figcaption><\/figure>\n\n\n\n<h2 class=\"wp-block-heading\">La f\u00eate \u00e0 Munich<\/h2>\n\n\n\n<p>En mati\u00e8re de vie nocturne, Munich est une ville qui ne dort jamais. Avec une <strong>une sc\u00e8ne de f\u00eate anim\u00e9e<\/strong>Il y en a pour tous les go\u00fbts dans les clubs, les bars et les pubs de la ville. La ville est r\u00e9put\u00e9e pour sa c\u00e9l\u00e8bre <strong>Oktoberfest<\/strong>qui attire des millions de visiteurs chaque ann\u00e9e.&nbsp;<\/p>\n\n\n\n<p>Mais m\u00eame en dehors de l'Oktoberfest, Munich a la r\u00e9putation d'\u00eatre une ville de f\u00eate avec de nombreux clubs et bars.<\/p>\n\n\n\n<p>Certains des <strong>les clubs les plus populaires de la ville<\/strong> dont P1, Rote Sonne et Muffathalle. La vie nocturne de la ville est connue pour son m\u00e9lange de culture bavaroise traditionnelle et de culture de f\u00eate moderne, avec un large \u00e9ventail de musique et d'\u00e9v\u00e9nements pour tous les go\u00fbts.<\/p>\n\n\n\n<figure class=\"wp-block-image size-full\"><img loading=\"lazy\" decoding=\"async\" width=\"876\" height=\"580\" src=\"https:\/\/munichstagdo.com\/wp-content\/uploads\/Clubbing-in-Munich.webp\" alt=\"Sortir en bo\u00eete \u00e0 Munich\" class=\"wp-image-170\" srcset=\"https:\/\/munichstagdo.com\/wp-content\/uploads\/Clubbing-in-Munich.webp 876w, https:\/\/munichstagdo.com\/wp-content\/uploads\/Clubbing-in-Munich-300x199.webp 300w, https:\/\/munichstagdo.com\/wp-content\/uploads\/Clubbing-in-Munich-768x508.webp 768w, https:\/\/munichstagdo.com\/wp-content\/uploads\/Clubbing-in-Munich-18x12.webp 18w\" sizes=\"auto, (max-width: 876px) 100vw, 876px\" \/><figcaption class=\"wp-element-caption\">Sortir en bo\u00eete \u00e0 Munich<\/figcaption><\/figure>\n\n\n\n<h2 class=\"wp-block-heading\">La cuisine bavaroise<\/h2>\n\n\n\n<p>La nourriture et les boissons bavaroises font partie int\u00e9grante de la culture de la ville. <strong>La cuisine bavaroise<\/strong> est copieux et rassasiant, avec des plats comme le r\u00f4ti de porc avec des boulettes et de la choucroute ou le schweinshaxe (jarret de porc r\u00f4ti) qui sont des favoris populaires. <strong>Bi\u00e8re bavaroise<\/strong> est \u00e9galement c\u00e9l\u00e8bre dans le monde entier, Munich abritant plusieurs brasseries embl\u00e9matiques telles que Hofbr\u00e4uhaus et Augustiner.<\/p>\n\n\n\n<figure class=\"wp-block-image size-large\"><img loading=\"lazy\" decoding=\"async\" width=\"1024\" height=\"466\" src=\"https:\/\/munichstagdo.com\/wp-content\/uploads\/Munich-partylife-1-1024x466.webp\" alt=\"Munich et la bi\u00e8re\" class=\"wp-image-173\" srcset=\"https:\/\/munichstagdo.com\/wp-content\/uploads\/Munich-partylife-1-1024x466.webp 1024w, https:\/\/munichstagdo.com\/wp-content\/uploads\/Munich-partylife-1-300x136.webp 300w, https:\/\/munichstagdo.com\/wp-content\/uploads\/Munich-partylife-1-768x349.webp 768w, https:\/\/munichstagdo.com\/wp-content\/uploads\/Munich-partylife-1-1536x699.webp 1536w, https:\/\/munichstagdo.com\/wp-content\/uploads\/Munich-partylife-1-2048x932.webp 2048w, https:\/\/munichstagdo.com\/wp-content\/uploads\/Munich-partylife-1-18x8.webp 18w, https:\/\/munichstagdo.com\/wp-content\/uploads\/Munich-partylife-1-scaled.webp 1920w\" sizes=\"auto, (max-width: 1024px) 100vw, 1024px\" \/><figcaption class=\"wp-element-caption\">Munich et la bi\u00e8re<\/figcaption><\/figure>\n\n\n\n<h2 class=\"wp-block-heading\">Visitez la capitale europ\u00e9enne de la bi\u00e8re avec l'enterrement de vie de gar\u00e7on \u00e0 Munich !<\/h2>\n\n\n\n<p>Munich est consid\u00e9r\u00e9e comme l'une des villes les plus ch\u00e8res d'Allemagne, avec des prix pour l'\u00e9picerie, le loyer et d'autres d\u00e9penses plus \u00e9lev\u00e9s que la moyenne nationale. Cependant, il existe des moyens d'\u00e9conomiser de l'argent tout en continuant \u00e0 profiter de tout ce que la ville a \u00e0 offrir. Il suffit de conna\u00eetre les bonnes personnes qui connaissent les tenants et les aboutissants de la capitale bavaroise.<\/p>\n\n\n\n<p>Dans l'ensemble, Munich est une ville dynamique et passionnante qui offre un grand nombre de possibilit\u00e9s. <strong>un m\u00e9lange unique de culture, d'histoire et de vie nocturne<\/strong>. Que vous souhaitiez d\u00e9couvrir la culture bavaroise traditionnelle, faire la f\u00eate jusqu'au bout de la nuit ou simplement d\u00e9guster de d\u00e9licieux plats et boissons, Munich a de quoi satisfaire tout le monde.<\/p>\n\n\n\n<p>Pour un enterrement de vie de gar\u00e7on, Munich est une ville qui ne ressemble \u00e0 aucune autre. Allez \u00e0 <a href=\"https:\/\/munichstagdo.com\/fr\/\">Enterrement de vie de gar\u00e7on \u00e0 Munich<\/a> et voyez comment nous pouvons vous aider \u00e0 r\u00e9aliser l'escapade d'enterrement de vie de gar\u00e7on qu'aucun de vous n'oubliera jamais.<\/p>","protected":false},"excerpt":{"rendered":"<p>Munich est la capitale de l'\u00c9tat allemand de Bavi\u00e8re, situ\u00e9 dans le sud de l'Allemagne. Elle compte environ 1,5 million d'habitants, ce qui en fait la troisi\u00e8me ville la plus peupl\u00e9e d'Allemagne. La ville est connue pour sa riche histoire, sa diversit\u00e9 culturelle et son architecture \u00e9tonnante.  Les monuments les plus c\u00e9l\u00e8bres de Munich comprennent la Frauenkirche, la ... <a href=\"https:\/\/munichstagdo.com\/fr\/a-propos-de-munich\/\">Suite<\/a><\/p>","protected":false},"author":1,"featured_media":70,"parent":0,"menu_order":0,"comment_status":"closed","ping_status":"closed","template":"","meta":{"_acf_changed":false,"footnotes":""},"class_list":["post-47","page","type-page","status-publish","has-post-thumbnail","hentry"],"acf":{"page_subheading":"Everything you need to know about one of Germany\u2019s flagship cities in one place \u2014 from the main landmarks to its lively nightlife and local specialties."},"_links":{"self":[{"href":"https:\/\/munichstagdo.com\/fr\/wp-json\/wp\/v2\/pages\/47","targetHints":{"allow":["GET"]}}],"collection":[{"href":"https:\/\/munichstagdo.com\/fr\/wp-json\/wp\/v2\/pages"}],"about":[{"href":"https:\/\/munichstagdo.com\/fr\/wp-json\/wp\/v2\/types\/page"}],"author":[{"embeddable":true,"href":"https:\/\/munichstagdo.com\/fr\/wp-json\/wp\/v2\/users\/1"}],"replies":[{"embeddable":true,"href":"https:\/\/munichstagdo.com\/fr\/wp-json\/wp\/v2\/comments?post=47"}],"version-history":[{"count":6,"href":"https:\/\/munichstagdo.com\/fr\/wp-json\/wp\/v2\/pages\/47\/revisions"}],"predecessor-version":[{"id":431,"href":"https:\/\/munichstagdo.com\/fr\/wp-json\/wp\/v2\/pages\/47\/revisions\/431"}],"wp:featuredmedia":[{"embeddable":true,"href":"https:\/\/munichstagdo.com\/fr\/wp-json\/wp\/v2\/media\/70"}],"wp:attachment":[{"href":"https:\/\/munichstagdo.com\/fr\/wp-json\/wp\/v2\/media?parent=47"}],"curies":[{"name":"wp","href":"https:\/\/api.w.org\/{rel}","templated":true}]}}