{"id":53,"date":"2022-12-23T15:12:34","date_gmt":"2022-12-23T15:12:34","guid":{"rendered":"https:\/\/munichstagdo.com\/?page_id=53"},"modified":"2026-02-24T11:40:47","modified_gmt":"2026-02-24T11:40:47","slug":"a-propos-de-nous","status":"publish","type":"page","link":"https:\/\/munichstagdo.com\/fr\/a-propos-de-nous\/","title":{"rendered":"A propos de nous"},"content":{"rendered":"<p>Si vous \u00eates \u00e0 la recherche d'un enterrement de vie de gar\u00e7on sauvage et inoubliable \u00e0 Munich, mon \u00e9quipe est l\u00e0 pour vous aider. L'organisation d'un tel voyage peut s'av\u00e9rer fastidieuse, mais avec notre expertise, vous n'aurez \u00e0 vous soucier de rien.&nbsp;<\/p>\n\n\n\n<p>Nous veillerons \u00e0 ce que tout se passe bien, afin que vous et vos amis puissiez vous concentrer sur votre plaisir. <strong>Nos connaissances et nos relations \u00e9tablies<\/strong> peut vous aider \u00e0 \u00e9viter des erreurs co\u00fbteuses, par exemple en programmant des activit\u00e9s qui n'interf\u00e8rent pas avec vos f\u00eates.<\/p>\n\n\n\n<p>Laissez-nous nous occuper des d\u00e9tails et cr\u00e9er un <strong>itin\u00e9raire personnalis\u00e9<\/strong> qui feront de votre enterrement de vie de gar\u00e7on \u00e0 Munich un moment inoubliable. Votre enterrement de vie de gar\u00e7on et tous ses meilleurs amis m\u00e9ritent une f\u00eate sans stress et inoubliable, alors laissez-nous nous en charger.<\/p>\n\n\n\n<h2 class=\"wp-block-heading\">Une \u00e9quipe d'experts en voyages et f\u00eates<\/h2>\n\n\n\n<p>Depuis plus de sept ans, nous aidons des groupes d'amis \u00e0 c\u00e9l\u00e9brer leurs derniers jours de libert\u00e9 en leur proposant des exp\u00e9riences m\u00e9morables dans toute l'Europe. En tant que <strong>compagnie de voyage enti\u00e8rement assur\u00e9e<\/strong>Pour nous, votre s\u00e9curit\u00e9 financi\u00e8re est notre priorit\u00e9 absolue.<\/p>\n\n\n\n<p>Notre site <strong>paquets personnalisables<\/strong> vous permet d'organiser facilement le parfait week-end d'enterrement de vie de gar\u00e7on \u00e0 Munich. Nous nous occupons de tous les d\u00e9tails pour que votre exp\u00e9rience soit agr\u00e9able et sans souci, y compris la r\u00e9servation de vos billets d'avion et de vos billets de train. <strong>logement<\/strong>les transferts et les activit\u00e9s de loisirs. Vous pouvez vous asseoir, vous d\u00e9tendre et vous concentrer sur la cr\u00e9ation de souvenirs avec vos amis qui dureront toute une vie.<\/p>\n\n\n\n<p>Munich est une ville qui a vraiment tout pour elle. De son <strong>une histoire riche et des rep\u00e8res culturels<\/strong> \u00e0 son <strong>une vie nocturne anim\u00e9e<\/strong>Il y a quelque chose pour tout le monde dans cette ville. Que vous souhaitiez vous l\u00e2cher et faire la f\u00eate avec vos amis ou explorer les nombreuses attractions de la ville, Munich est la destination id\u00e9ale pour votre enterrement de vie de gar\u00e7on.<\/p>\n\n\n\n<p>Nous sommes fiers d'offrir une gamme de services \u00e0 Munich con\u00e7us pour faire de votre enterrement de vie de gar\u00e7on le meilleur de toute votre vie. Notre site<strong> entreprises partenaires de confiance<\/strong> proposent une vari\u00e9t\u00e9 d'activit\u00e9s uniques qui vous permettront de vivre des exp\u00e9riences inoubliables. Nous avons soigneusement choisi ces partenaires parce qu'ils s'alignent sur nos valeurs et offrent un service de qualit\u00e9.&nbsp;<\/p>\n\n\n\n<p>Nous comprenons tous ce que les groupes d'enterrement de vie de gar\u00e7on recherchent, et nous sommes pr\u00eats \u00e0 leur donner dix fois plus.<\/p>\n\n\n\n<h2 class=\"wp-block-heading\">Il est temps de passer le meilleur week-end de votre vie !<\/h2>\n\n\n\n<p>Notre \u00e9quipe a pour mission de vous aider \u00e0 planifier le <strong>L'ultime week-end d'enterrement de vie de gar\u00e7on \u00e0 Munich<\/strong>Nous sommes conscients que chaque groupe est diff\u00e9rent. Nous comprenons que chaque groupe est diff\u00e9rent, et nous travaillerons avec vous pour cr\u00e9er une exp\u00e9rience personnalis\u00e9e qui r\u00e9pond vraiment \u00e0 vos int\u00e9r\u00eats.<\/p>\n\n\n\n<p>Nous sommes <strong>disponible 24 heures sur 24 pour vous aider<\/strong> pour toute question ou probl\u00e8me \u00e9ventuel, et nous vous fournirons toutes les informations dont vous avez besoin pour profiter au maximum de votre s\u00e9jour \u00e0 Munich.<\/p>\n\n\n\n<p>N'attendez pas - <a href=\"https:\/\/munichstagdo.com\/fr\/enquete\/\">se renseigner maintenant<\/a> et laissez-nous vous aider \u00e0 organiser l'ultime enterrement de vie de gar\u00e7on \u00e0 Munich.<\/p>\n\n\n\n<figure class=\"wp-block-image size-full\"><img loading=\"lazy\" decoding=\"async\" width=\"933\" height=\"613\" src=\"https:\/\/munichstagdo.com\/wp-content\/uploads\/Pub-crawl-party-time.webp\" alt=\"F\u00eate de la tourn\u00e9e des bars\" class=\"wp-image-229\" srcset=\"https:\/\/munichstagdo.com\/wp-content\/uploads\/Pub-crawl-party-time.webp 933w, https:\/\/munichstagdo.com\/wp-content\/uploads\/Pub-crawl-party-time-300x197.webp 300w, https:\/\/munichstagdo.com\/wp-content\/uploads\/Pub-crawl-party-time-768x505.webp 768w, https:\/\/munichstagdo.com\/wp-content\/uploads\/Pub-crawl-party-time-18x12.webp 18w\" sizes=\"auto, (max-width: 933px) 100vw, 933px\" \/><figcaption class=\"wp-element-caption\">F\u00eate de la tourn\u00e9e des bars<\/figcaption><\/figure>\n\n\n\n<p>D\u00e9couvrez les autres endroits o\u00f9 vous pouvez vous rendre pour un enterrement de vie de gar\u00e7on avec nous :<\/p>\n\n\n\n<ul class=\"wp-block-list\">\n<li><a href=\"https:\/\/amsterdam-stag-do.com\/\">Enterrement de vie de gar\u00e7on \u00e0 Amsterdam<\/a><\/li>\n\n\n\n<li><a href=\"https:\/\/berlin-stag-do.com\/\">Enterrement de vie de gar\u00e7on \u00e0 Berlin<\/a><\/li>\n\n\n\n<li><a href=\"https:\/\/hamburgstagdo.com\/\">Hambourg Enterrement de vie de gar\u00e7on<\/a><\/li>\n\n\n\n<li><a href=\"https:\/\/hvarstagdo.com\/\">Enterrement de vie de gar\u00e7on \u00e0 Hvar<\/a><\/li>\n\n\n\n<li><a href=\"https:\/\/lisbonstagdo.com\/\">Enterrement de vie de gar\u00e7on \u00e0 Lisbonne<\/a><\/li>\n\n\n\n<li><a href=\"https:\/\/prague-stag-do.com\/\">Enterrement de vie de gar\u00e7on \u00e0 Prague<\/a><\/li>\n\n\n\n<li><a href=\"https:\/\/riga-stag-do.com\/\">Enterrement de vie de gar\u00e7on \u00e0 Riga<\/a><\/li>\n\n\n\n<li><a href=\"https:\/\/stagpartyljubljana.com\/\">Enterrement de vie de gar\u00e7on \u00e0 Ljubljana<\/a><\/li>\n\n\n\n<li><a href=\"https:\/\/ibizastagdo.com\">Enterrement de vie de gar\u00e7on \u00e0 Ibiza<\/a><\/li>\n\n\n\n<li><a href=\"https:\/\/benidorm-stag-do.com\/\">Enterrement de vie de gar\u00e7on \u00e0 Benidorm<\/a><\/li>\n\n\n\n<li><a href=\"https:\/\/budapest-stag-do.com\/\">Enterrement de vie de gar\u00e7on \u00e0 Budapest<\/a><\/li>\n\n\n\n<li><a href=\"https:\/\/stagdovegas.com\/\">Enterrement de vie de gar\u00e7on \u00e0 Vegas<\/a><\/li>\n\n\n\n<li><a href=\"https:\/\/stagdobarcelona.com\/\">Enterrement de vie de gar\u00e7on \u00e0 Barcelone<\/a><\/li>\n\n\n\n<li><a href=\"https:\/\/stagdozagreb.com\/\">Enterrement de vie de gar\u00e7on \u00e0 Zagreb<\/a><\/li>\n\n\n\n<li><a href=\"https:\/\/splitstagdo.com\/\">Enterrement de vie de gar\u00e7on \u00e0 Split<\/a><\/li>\n\n\n\n<li><a href=\"https:\/\/dubrovnikstagdo.com\/\">Enterrement de vie de gar\u00e7on \u00e0 Dubrovnik<\/a><\/li>\n\n\n\n<li><a href=\"https:\/\/madridstagdo.com\/\">Enterrement de vie de gar\u00e7on \u00e0 Madrid<\/a><\/li>\n\n\n\n<li><a href=\"https:\/\/bucharest-stag-do.com\/\">Enterrement de vie de gar\u00e7on \u00e0 Bucarest<\/a><\/li>\n\n\n\n<li><a href=\"https:\/\/albufeirastagdo.com\/\">Enterrement de vie de gar\u00e7on \u00e0 Albufeira<\/a><\/li>\n\n\n\n<li><a href=\"https:\/\/dublinstagdo.com\/\">Enterrement de vie de gar\u00e7on \u00e0 Dublin<\/a><\/li>\n\n\n\n<li><a href=\"https:\/\/stagdokrakow.com\/\">Enterrement de vie de gar\u00e7on \u00e0 Cracovie<\/a><\/li>\n<\/ul>","protected":false},"excerpt":{"rendered":"<p>Si vous \u00eates \u00e0 la recherche d'un enterrement de vie de gar\u00e7on sauvage et inoubliable \u00e0 Munich, mon \u00e9quipe est l\u00e0 pour vous aider. L'organisation d'un tel voyage peut s'av\u00e9rer fastidieuse, mais gr\u00e2ce \u00e0 notre expertise, vous n'aurez \u00e0 vous soucier de rien.  Nous veillerons \u00e0 ce que tout se passe bien, pour que vous et vos amis ... <a href=\"https:\/\/munichstagdo.com\/fr\/a-propos-de-nous\/\">Suite<\/a><\/p>","protected":false},"author":1,"featured_media":121,"parent":0,"menu_order":0,"comment_status":"closed","ping_status":"closed","template":"","meta":{"_acf_changed":false,"footnotes":""},"class_list":["post-53","page","type-page","status-publish","has-post-thumbnail","hentry"],"acf":{"page_subheading":"We are here to take the burden off your shoulders and help you plan a memorable stag do in Munich without making any unnecessary mistakes."},"_links":{"self":[{"href":"https:\/\/munichstagdo.com\/fr\/wp-json\/wp\/v2\/pages\/53","targetHints":{"allow":["GET"]}}],"collection":[{"href":"https:\/\/munichstagdo.com\/fr\/wp-json\/wp\/v2\/pages"}],"about":[{"href":"https:\/\/munichstagdo.com\/fr\/wp-json\/wp\/v2\/types\/page"}],"author":[{"embeddable":true,"href":"https:\/\/munichstagdo.com\/fr\/wp-json\/wp\/v2\/users\/1"}],"replies":[{"embeddable":true,"href":"https:\/\/munichstagdo.com\/fr\/wp-json\/wp\/v2\/comments?post=53"}],"version-history":[{"count":15,"href":"https:\/\/munichstagdo.com\/fr\/wp-json\/wp\/v2\/pages\/53\/revisions"}],"predecessor-version":[{"id":13012,"href":"https:\/\/munichstagdo.com\/fr\/wp-json\/wp\/v2\/pages\/53\/revisions\/13012"}],"wp:featuredmedia":[{"embeddable":true,"href":"https:\/\/munichstagdo.com\/fr\/wp-json\/wp\/v2\/media\/121"}],"wp:attachment":[{"href":"https:\/\/munichstagdo.com\/fr\/wp-json\/wp\/v2\/media?parent=53"}],"curies":[{"name":"wp","href":"https:\/\/api.w.org\/{rel}","templated":true}]}}