{"id":41,"date":"2022-12-23T15:11:41","date_gmt":"2022-12-23T15:11:41","guid":{"rendered":"https:\/\/munichstagdo.com\/?page_id=41"},"modified":"2023-01-04T13:20:37","modified_gmt":"2023-01-04T13:20:37","slug":"come-arrivare-a-munich","status":"publish","type":"page","link":"https:\/\/munichstagdo.com\/it\/come-arrivare-a-munich\/","title":{"rendered":"Come arrivare a Monaco"},"content":{"rendered":"<p>In questo articolo tratteremo le diverse opzioni per raggiungere Monaco di Baviera, tra cui l'aereo, la macchina e l'autobus. Indipendentemente dal metodo scelto, arrivare a Monaco non dovrebbe essere complicato.<\/p>\n\n\n\n<h2 class=\"wp-block-heading\">Aereo<\/h2>\n\n\n\n<p>Uno dei modi pi\u00f9 comodi per raggiungere Monaco \u00e8 volare all'aeroporto internazionale della citt\u00e0, <strong>Aeroporto Franz Josef Strauss<\/strong>. L'aeroporto si trova a circa 45 chilometri a nord-est del centro citt\u00e0 ed \u00e8 facilmente raggiungibile in taxi, autobus o treno. Molte delle principali compagnie aeree offrono voli per Monaco, quindi non dovreste avere problemi a trovare una rotta diretta dalla vostra localit\u00e0.<\/p>\n\n\n\n<h2 class=\"wp-block-heading\">Treno<\/h2>\n\n\n\n<p>Se preferite viaggiare in treno, Monaco \u00e8 ben collegata al resto d'Europa grazie alla rete ferroviaria ad alta velocit\u00e0 ICE. La citt\u00e0 ha<strong> due stazioni ferroviarie principali<\/strong>: Stazione Centrale di Monaco (Hauptbahnhof) e Stazione Est di Monaco (Ostbahnhof). Entrambe si trovano nel centro della citt\u00e0 e offrono collegamenti con le principali citt\u00e0 tedesche e non solo.<\/p>\n\n\n\n<h2 class=\"wp-block-heading\">Auto<\/h2>\n\n\n\n<p>Se preferite guidare, Monaco \u00e8 facilmente raggiungibile in auto dal resto d'Europa. La citt\u00e0 si trova alla <strong>intersezione di diverse autostrade principali<\/strong>tra cui la A9, la A92 e la A99. Se provenite dalla Germania, potete anche prendere il treno e noleggiare un'auto una volta arrivati in citt\u00e0.<\/p>\n\n\n\n<h2 class=\"wp-block-heading\">Autobus<\/h2>\n\n\n\n<p>Se provenite dalla Germania, ci sono diverse compagnie di autobus nazionali e internazionali che offrono un servizio regolare per Monaco. Flixbus e MeinFernbus sono due opzioni popolari che operano in tutta la Germania con partenze frequenti dalle principali citt\u00e0. Per chi viene da lontano, ci sono anche <strong>diverse compagnie di autobus internazionali<\/strong> che raggiungono Monaco, tra cui Eurolines e Busbud.<\/p>\n\n\n\n<p>Una volta arrivati a Monaco di Baviera, \u00e8 possibile utilizzare il servizio di <strong>trasporto pubblico efficiente<\/strong> per raggiungere la destinazione finale.<\/p>\n\n\n\n<h2 class=\"wp-block-heading\">Visitate Monaco di Baviera con l'Addio al Celibato!<\/h2>\n\n\n\n<p>Sia che vi rechiate a Monaco di Baviera in aereo, in treno, in autobus o in automobile, \u00e8 fondamentale pianificare il vostro viaggio in anticipo e <strong>considerate il vostro budget e le vostre preferenze di viaggio<\/strong>. Con un po' di pianificazione, potrete facilmente trovare il modo migliore per raggiungere questa bella e vibrante citt\u00e0.<\/p>\n\n\n\n<p>Il nostro personale <strong>fornire tutte le informazioni<\/strong> per viaggiare comodamente a Monaco e rendere il vostro soggiorno in citt\u00e0 il pi\u00f9 piacevole possibile, se scegliete di viaggiare con noi.<\/p>\n\n\n\n<p>Per saperne di pi\u00f9 su tutto ci\u00f2 che facciamo, visitate il sito <a href=\"https:\/\/munichstagdo.com\/it\/\">Addio al celibato a Monaco<\/a>!<\/p>","protected":false},"excerpt":{"rendered":"<p>In questo articolo tratteremo le diverse opzioni per raggiungere Monaco di Baviera, tra cui l'aereo, la macchina e l'autobus. Indipendentemente dal metodo scelto, arrivare a Monaco non dovrebbe essere complicato. Aereo Uno dei modi pi\u00f9 comodi per raggiungere Monaco di Baviera \u00e8 volare all'aeroporto internazionale della citt\u00e0, il Franz Josef Strauss Airport. L'aeroporto ... <a href=\"https:\/\/munichstagdo.com\/it\/come-arrivare-a-munich\/\">Continua<\/a><\/p>","protected":false},"author":1,"featured_media":101,"parent":0,"menu_order":0,"comment_status":"closed","ping_status":"closed","template":"","meta":{"_acf_changed":false,"footnotes":""},"class_list":["post-41","page","type-page","status-publish","has-post-thumbnail","hentry"],"acf":{"page_subheading":"Learn everything you need to know about how to get to the Bavarian capital and focus on enjoying your stay in the city without worrying about logistics."},"_links":{"self":[{"href":"https:\/\/munichstagdo.com\/it\/wp-json\/wp\/v2\/pages\/41","targetHints":{"allow":["GET"]}}],"collection":[{"href":"https:\/\/munichstagdo.com\/it\/wp-json\/wp\/v2\/pages"}],"about":[{"href":"https:\/\/munichstagdo.com\/it\/wp-json\/wp\/v2\/types\/page"}],"author":[{"embeddable":true,"href":"https:\/\/munichstagdo.com\/it\/wp-json\/wp\/v2\/users\/1"}],"replies":[{"embeddable":true,"href":"https:\/\/munichstagdo.com\/it\/wp-json\/wp\/v2\/comments?post=41"}],"version-history":[{"count":4,"href":"https:\/\/munichstagdo.com\/it\/wp-json\/wp\/v2\/pages\/41\/revisions"}],"predecessor-version":[{"id":430,"href":"https:\/\/munichstagdo.com\/it\/wp-json\/wp\/v2\/pages\/41\/revisions\/430"}],"wp:featuredmedia":[{"embeddable":true,"href":"https:\/\/munichstagdo.com\/it\/wp-json\/wp\/v2\/media\/101"}],"wp:attachment":[{"href":"https:\/\/munichstagdo.com\/it\/wp-json\/wp\/v2\/media?parent=41"}],"curies":[{"name":"wp","href":"https:\/\/api.w.org\/{rel}","templated":true}]}}