{"id":47,"date":"2022-12-23T15:12:08","date_gmt":"2022-12-23T15:12:08","guid":{"rendered":"https:\/\/munichstagdo.com\/?page_id=47"},"modified":"2023-01-04T13:21:30","modified_gmt":"2023-01-04T13:21:30","slug":"su-munich","status":"publish","type":"page","link":"https:\/\/munichstagdo.com\/it\/su-munich\/","title":{"rendered":"Informazioni su Monaco"},"content":{"rendered":"<p>Monaco \u00e8 la capitale dello stato tedesco di <strong>Baviera<\/strong>situata nel sud della Germania. Vi abitano circa 1,5 milioni di persone, il che la rende la terza citt\u00e0 pi\u00f9 popolosa della Germania. La citt\u00e0 \u00e8 nota per la sua <strong>ricca storia, diversit\u00e0 culturale e architettura mozzafiato<\/strong>.&nbsp;<\/p>\n\n\n\n<p>Tra i monumenti pi\u00f9 famosi di Monaco di Baviera ci sono la Frauenkirche, la <strong>Palazzo di Nymphenburg<\/strong>, e il <strong>Marienplatz<\/strong>. La citt\u00e0 \u00e8 anche sede di molti famosi musei e gallerie, tra cui l'Alte Pinakothek e l'Alte Pinakothek. <strong>Museo BMW<\/strong>.<\/p>\n\n\n\n<p>Situata nel cuore dell'Europa, Monaco di Baviera \u00e8 circondata da splendidi paesaggi ed \u00e8 una destinazione popolare per gli amanti della vita all'aria aperta. Dal <strong>Alpi bavaresi<\/strong> a sud fino al pittoresco <strong>laghi<\/strong> nel nord, ci sono infinite opportunit\u00e0 per fare escursioni, andare in bicicletta e sciare.<\/p>\n\n\n\n<figure class=\"wp-block-image size-large\"><img loading=\"lazy\" decoding=\"async\" width=\"1024\" height=\"513\" src=\"https:\/\/munichstagdo.com\/wp-content\/uploads\/Munich-crowd-1024x513.webp\" alt=\"Monaco di Baviera\" class=\"wp-image-81\" srcset=\"https:\/\/munichstagdo.com\/wp-content\/uploads\/Munich-crowd-1024x513.webp 1024w, https:\/\/munichstagdo.com\/wp-content\/uploads\/Munich-crowd-300x150.webp 300w, https:\/\/munichstagdo.com\/wp-content\/uploads\/Munich-crowd-768x385.webp 768w, https:\/\/munichstagdo.com\/wp-content\/uploads\/Munich-crowd-1536x769.webp 1536w, https:\/\/munichstagdo.com\/wp-content\/uploads\/Munich-crowd-2048x1025.webp 2048w, https:\/\/munichstagdo.com\/wp-content\/uploads\/Munich-crowd-18x9.webp 18w, https:\/\/munichstagdo.com\/wp-content\/uploads\/Munich-crowd-scaled.webp 1920w\" sizes=\"auto, (max-width: 1024px) 100vw, 1024px\" \/><figcaption class=\"wp-element-caption\">Monaco di Baviera <\/figcaption><\/figure>\n\n\n\n<h2 class=\"wp-block-heading\">La scena delle feste di Monaco<\/h2>\n\n\n\n<p>Quando si parla di vita notturna, Monaco \u00e8 una citt\u00e0 che non dorme mai. Con un <strong>una vivace scena di festa<\/strong>Nei club, bar e pub della citt\u00e0 ce n'\u00e8 per tutti i gusti. La citt\u00e0 \u00e8 nota per la sua fama mondiale <strong>Oktoberfest<\/strong>che attira ogni anno milioni di visitatori.&nbsp;<\/p>\n\n\n\n<p>Ma anche al di fuori dell'Oktoberfest, Monaco ha la reputazione di essere una citt\u00e0 festaiola con vari club e bar.<\/p>\n\n\n\n<p>Alcuni dei <strong>i club pi\u00f9 popolari della citt\u00e0<\/strong> tra cui P1, Rote Sonne e Muffathalle. La vita notturna della citt\u00e0 \u00e8 nota per il suo mix di cultura tradizionale bavarese e moderna, con una vasta gamma di musica ed eventi per tutti i gusti.<\/p>\n\n\n\n<figure class=\"wp-block-image size-full\"><img loading=\"lazy\" decoding=\"async\" width=\"876\" height=\"580\" src=\"https:\/\/munichstagdo.com\/wp-content\/uploads\/Clubbing-in-Munich.webp\" alt=\"Locali a Monaco di Baviera\" class=\"wp-image-170\" srcset=\"https:\/\/munichstagdo.com\/wp-content\/uploads\/Clubbing-in-Munich.webp 876w, https:\/\/munichstagdo.com\/wp-content\/uploads\/Clubbing-in-Munich-300x199.webp 300w, https:\/\/munichstagdo.com\/wp-content\/uploads\/Clubbing-in-Munich-768x508.webp 768w, https:\/\/munichstagdo.com\/wp-content\/uploads\/Clubbing-in-Munich-18x12.webp 18w\" sizes=\"auto, (max-width: 876px) 100vw, 876px\" \/><figcaption class=\"wp-element-caption\">Locali a Monaco di Baviera<\/figcaption><\/figure>\n\n\n\n<h2 class=\"wp-block-heading\">Cucina bavarese<\/h2>\n\n\n\n<p>Il cibo e le bevande bavaresi sono parte integrante della cultura della citt\u00e0. <strong>Cucina bavarese<\/strong> La cucina \u00e8 sostanziosa e saziante, con piatti come l'arrosto di maiale con canederli e crauti o lo schweinshaxe (garretto di prosciutto arrostito). <strong>Birra bavarese<\/strong> La birra \u00e8 famosa in tutto il mondo e Monaco di Baviera \u00e8 sede di numerosi birrifici iconici, come Hofbr\u00e4uhaus e Augustiner.<\/p>\n\n\n\n<figure class=\"wp-block-image size-large\"><img loading=\"lazy\" decoding=\"async\" width=\"1024\" height=\"466\" src=\"https:\/\/munichstagdo.com\/wp-content\/uploads\/Munich-partylife-1-1024x466.webp\" alt=\"Monaco e la birra\" class=\"wp-image-173\" srcset=\"https:\/\/munichstagdo.com\/wp-content\/uploads\/Munich-partylife-1-1024x466.webp 1024w, https:\/\/munichstagdo.com\/wp-content\/uploads\/Munich-partylife-1-300x136.webp 300w, https:\/\/munichstagdo.com\/wp-content\/uploads\/Munich-partylife-1-768x349.webp 768w, https:\/\/munichstagdo.com\/wp-content\/uploads\/Munich-partylife-1-1536x699.webp 1536w, https:\/\/munichstagdo.com\/wp-content\/uploads\/Munich-partylife-1-2048x932.webp 2048w, https:\/\/munichstagdo.com\/wp-content\/uploads\/Munich-partylife-1-18x8.webp 18w, https:\/\/munichstagdo.com\/wp-content\/uploads\/Munich-partylife-1-scaled.webp 1920w\" sizes=\"auto, (max-width: 1024px) 100vw, 1024px\" \/><figcaption class=\"wp-element-caption\">Monaco e la birra<\/figcaption><\/figure>\n\n\n\n<h2 class=\"wp-block-heading\">Visitate la capitale europea della birra con l'addio al celibato a Monaco!<\/h2>\n\n\n\n<p>Monaco di Baviera \u00e8 considerata una delle citt\u00e0 pi\u00f9 costose della Germania, con prezzi per generi alimentari, affitti e altre spese superiori alla media nazionale. Tuttavia, ci sono modi per risparmiare, pur godendo di tutto ci\u00f2 che la citt\u00e0 ha da offrire. Basta conoscere le persone giuste che sanno come muoversi nella capitale bavarese.<\/p>\n\n\n\n<p>Nel complesso, Monaco di Baviera \u00e8 una citt\u00e0 vivace ed eccitante che offre un'ampia gamma di servizi. <strong>miscela unica di cultura, storia e vita notturna<\/strong>. Sia che vogliate sperimentare la tradizionale cultura bavarese, sia che vogliate festeggiare tutta la notte, sia che vogliate semplicemente gustare cibi e bevande deliziosi, Monaco ha qualcosa per tutti.<\/p>\n\n\n\n<p>Per un addio al celibato, Monaco \u00e8 una citt\u00e0 come nessun'altra. Andate a <a href=\"https:\/\/munichstagdo.com\/it\/\">Addio al celibato a Monaco<\/a> e verificate come possiamo aiutarvi a raggiungere l'addio al celibato che nessuno di voi dimenticher\u00e0 mai.<\/p>","protected":false},"excerpt":{"rendered":"<p>Monaco \u00e8 la capitale dello Stato tedesco della Baviera, situato nel sud della Germania. Vi abitano circa 1,5 milioni di persone, il che la rende la terza citt\u00e0 pi\u00f9 popolosa della Germania. La citt\u00e0 \u00e8 nota per la sua ricca storia, la diversit\u00e0 culturale e l'architettura straordinaria.  I monumenti pi\u00f9 famosi di Monaco includono la Frauenkirche, la ... <a href=\"https:\/\/munichstagdo.com\/it\/su-munich\/\">Continua<\/a><\/p>","protected":false},"author":1,"featured_media":70,"parent":0,"menu_order":0,"comment_status":"closed","ping_status":"closed","template":"","meta":{"_acf_changed":false,"footnotes":""},"class_list":["post-47","page","type-page","status-publish","has-post-thumbnail","hentry"],"acf":{"page_subheading":"Everything you need to know about one of Germany\u2019s flagship cities in one place \u2014 from the main landmarks to its lively nightlife and local specialties."},"_links":{"self":[{"href":"https:\/\/munichstagdo.com\/it\/wp-json\/wp\/v2\/pages\/47","targetHints":{"allow":["GET"]}}],"collection":[{"href":"https:\/\/munichstagdo.com\/it\/wp-json\/wp\/v2\/pages"}],"about":[{"href":"https:\/\/munichstagdo.com\/it\/wp-json\/wp\/v2\/types\/page"}],"author":[{"embeddable":true,"href":"https:\/\/munichstagdo.com\/it\/wp-json\/wp\/v2\/users\/1"}],"replies":[{"embeddable":true,"href":"https:\/\/munichstagdo.com\/it\/wp-json\/wp\/v2\/comments?post=47"}],"version-history":[{"count":6,"href":"https:\/\/munichstagdo.com\/it\/wp-json\/wp\/v2\/pages\/47\/revisions"}],"predecessor-version":[{"id":431,"href":"https:\/\/munichstagdo.com\/it\/wp-json\/wp\/v2\/pages\/47\/revisions\/431"}],"wp:featuredmedia":[{"embeddable":true,"href":"https:\/\/munichstagdo.com\/it\/wp-json\/wp\/v2\/media\/70"}],"wp:attachment":[{"href":"https:\/\/munichstagdo.com\/it\/wp-json\/wp\/v2\/media?parent=47"}],"curies":[{"name":"wp","href":"https:\/\/api.w.org\/{rel}","templated":true}]}}