{"id":53,"date":"2022-12-23T15:12:34","date_gmt":"2022-12-23T15:12:34","guid":{"rendered":"https:\/\/munichstagdo.com\/?page_id=53"},"modified":"2026-02-24T11:40:47","modified_gmt":"2026-02-24T11:40:47","slug":"chi-siamo","status":"publish","type":"page","link":"https:\/\/munichstagdo.com\/it\/chi-siamo\/","title":{"rendered":"Chi siamo"},"content":{"rendered":"<p>Chiunque sia alla ricerca di un addio al celibato selvaggio e indimenticabile a Monaco, il mio team \u00e8 qui per aiutarvi. Organizzare un viaggio come questo pu\u00f2 essere una seccatura, ma con la nostra esperienza non dovrete preoccuparvi di nulla.&nbsp;<\/p>\n\n\n\n<p>Ci assicureremo che tutto fili liscio, in modo che voi e i vostri amici possiate concentrarvi sul divertimento. <strong>La nostra conoscenza e le nostre connessioni consolidate<\/strong> pu\u00f2 aiutarvi a evitare errori costosi, ad esempio programmando attivit\u00e0 che non interferiscano con le vostre feste.<\/p>\n\n\n\n<p>Lasciateci gestire i dettagli e creare un <strong>itinerario personalizzato<\/strong> che renderanno il vostro addio al celibato a Monaco di Baviera un evento da ricordare. Il vostro addio al celibato e tutti i suoi migliori amici meritano una festa indimenticabile e priva di stress, quindi lasciate a noi il compito di realizzarla.<\/p>\n\n\n\n<h2 class=\"wp-block-heading\">Un team di esperti di viaggi e feste<\/h2>\n\n\n\n<p>Da oltre sette anni aiutiamo gruppi di amici a festeggiare i loro ultimi giorni di libert\u00e0 con memorabili esperienze di addio al celibato in tutta Europa. Come <strong>compagnia di viaggio completamente assicurata<\/strong>La vostra sicurezza finanziaria \u00e8 la nostra massima priorit\u00e0.<\/p>\n\n\n\n<p>Il nostro <strong>pacchetti personalizzabili<\/strong> vi permette di organizzare facilmente il perfetto weekend di addio al celibato a Monaco. Ci occupiamo di tutti i dettagli per garantire che la vostra esperienza sia piacevole e senza problemi, inclusa la prenotazione del vostro <strong>alloggio<\/strong>, trasferimenti e attivit\u00e0 per il tempo libero. Potrete sedervi, rilassarvi e concentrarvi sulla creazione di ricordi con i vostri amici che dureranno per tutta la vita.<\/p>\n\n\n\n<p>Monaco di Baviera \u00e8 una citt\u00e0 che ha davvero tutto. Dalla sua <strong>ricca storia e punti di riferimento culturali<\/strong> al suo <strong>vita notturna movimentata<\/strong>In questa citt\u00e0 ce n'\u00e8 per tutti i gusti. Sia che vogliate scatenarvi e festeggiare con i vostri amici o esplorare le numerose attrazioni della citt\u00e0, Monaco \u00e8 la destinazione perfetta per il vostro addio al celibato.<\/p>\n\n\n\n<p>Siamo orgogliosi di offrire una serie di servizi a Monaco di Baviera pensati per rendere il vostro addio al celibato il migliore di tutta la vostra vita. Il nostro<strong> aziende partner di fiducia<\/strong> offrono una variet\u00e0 di attivit\u00e0 uniche che vi faranno vivere esperienze indimenticabili. Abbiamo scelto con cura questi partner perch\u00e9 sono in linea con i nostri valori e forniscono un servizio di alta qualit\u00e0.&nbsp;<\/p>\n\n\n\n<p>Sappiamo bene cosa cercano i gruppi di addio al celibato e siamo pronti a darglielo dieci volte tanto.<\/p>\n\n\n\n<h2 class=\"wp-block-heading\">\u00c8 il momento del miglior weekend della vostra vita!<\/h2>\n\n\n\n<p>Il nostro team si dedica ad aiutarvi a pianificare la <strong>Il pi\u00f9 grande weekend di addio al celibato a Monaco di Baviera<\/strong>e di adattare i nostri servizi alle vostre specifiche esigenze e preferenze. Siamo consapevoli che ogni gruppo \u00e8 diverso e lavoreremo con voi per creare un'esperienza personalizzata che risponda veramente ai vostri interessi.<\/p>\n\n\n\n<p>Siamo <strong>disponibili 24 ore su 24 per assistervi<\/strong> per qualsiasi domanda o problema, e vi forniremo tutte le informazioni necessarie per sfruttare al meglio il vostro soggiorno a Monaco.<\/p>\n\n\n\n<p>Non aspettare. <a href=\"https:\/\/munichstagdo.com\/it\/inchiesta\/\">informarsi ora<\/a> e lasciate che vi aiutiamo a pianificare l'addio al celibato definitivo a Monaco.<\/p>\n\n\n\n<figure class=\"wp-block-image size-full\"><img loading=\"lazy\" decoding=\"async\" width=\"933\" height=\"613\" src=\"https:\/\/munichstagdo.com\/wp-content\/uploads\/Pub-crawl-party-time.webp\" alt=\"Tempo di pub crawl party\" class=\"wp-image-229\" srcset=\"https:\/\/munichstagdo.com\/wp-content\/uploads\/Pub-crawl-party-time.webp 933w, https:\/\/munichstagdo.com\/wp-content\/uploads\/Pub-crawl-party-time-300x197.webp 300w, https:\/\/munichstagdo.com\/wp-content\/uploads\/Pub-crawl-party-time-768x505.webp 768w, https:\/\/munichstagdo.com\/wp-content\/uploads\/Pub-crawl-party-time-18x12.webp 18w\" sizes=\"auto, (max-width: 933px) 100vw, 933px\" \/><figcaption class=\"wp-element-caption\">Tempo di pub crawl party<\/figcaption><\/figure>\n\n\n\n<p>Scoprite dove potete andare per un addio al celibato con noi:<\/p>\n\n\n\n<ul class=\"wp-block-list\">\n<li><a href=\"https:\/\/amsterdam-stag-do.com\/\">Addio al celibato ad Amsterdam<\/a><\/li>\n\n\n\n<li><a href=\"https:\/\/berlin-stag-do.com\/\">Addio al celibato a Berlino<\/a><\/li>\n\n\n\n<li><a href=\"https:\/\/hamburgstagdo.com\/\">Addio al celibato ad Amburgo<\/a><\/li>\n\n\n\n<li><a href=\"https:\/\/hvarstagdo.com\/\">Addio al celibato a Hvar<\/a><\/li>\n\n\n\n<li><a href=\"https:\/\/lisbonstagdo.com\/\">Addio al celibato a Lisbona<\/a><\/li>\n\n\n\n<li><a href=\"https:\/\/prague-stag-do.com\/\">Addio al celibato a Praga<\/a><\/li>\n\n\n\n<li><a href=\"https:\/\/riga-stag-do.com\/\">Addio al celibato a Riga<\/a><\/li>\n\n\n\n<li><a href=\"https:\/\/stagpartyljubljana.com\/\">Addio al celibato a Lubiana<\/a><\/li>\n\n\n\n<li><a href=\"https:\/\/ibizastagdo.com\">Addio al celibato a Ibiza<\/a><\/li>\n\n\n\n<li><a href=\"https:\/\/benidorm-stag-do.com\/\">Addio al celibato a Benidorm<\/a><\/li>\n\n\n\n<li><a href=\"https:\/\/budapest-stag-do.com\/\">Addio al celibato a Budapest<\/a><\/li>\n\n\n\n<li><a href=\"https:\/\/stagdovegas.com\/\">Addio al celibato a Las Vegas<\/a><\/li>\n\n\n\n<li><a href=\"https:\/\/stagdobarcelona.com\/\">Addio al celibato a Barcellona<\/a><\/li>\n\n\n\n<li><a href=\"https:\/\/stagdozagreb.com\/\">Addio al celibato a Zagabria<\/a><\/li>\n\n\n\n<li><a href=\"https:\/\/splitstagdo.com\/\">Addio al celibato a Spalato<\/a><\/li>\n\n\n\n<li><a href=\"https:\/\/dubrovnikstagdo.com\/\">Addio al celibato a Dubrovnik<\/a><\/li>\n\n\n\n<li><a href=\"https:\/\/madridstagdo.com\/\">Addio al celibato a Madrid<\/a><\/li>\n\n\n\n<li><a href=\"https:\/\/bucharest-stag-do.com\/\">Addio al celibato a Bucarest<\/a><\/li>\n\n\n\n<li><a href=\"https:\/\/albufeirastagdo.com\/\">Addio al celibato ad Albufeira<\/a><\/li>\n\n\n\n<li><a href=\"https:\/\/dublinstagdo.com\/\">Addio al celibato a Dublino<\/a><\/li>\n\n\n\n<li><a href=\"https:\/\/stagdokrakow.com\/\">Addio al celibato a Cracovia<\/a><\/li>\n<\/ul>","protected":false},"excerpt":{"rendered":"<p>Chiunque sia alla ricerca di un addio al celibato selvaggio e indimenticabile a Monaco, il mio team \u00e8 qui per aiutarvi. Organizzare un viaggio come questo pu\u00f2 essere una seccatura, ma con la nostra esperienza non dovrete preoccuparvi di nulla.  Ci assicureremo che tutto fili liscio, in modo che voi e i vostri amici ... <a href=\"https:\/\/munichstagdo.com\/it\/chi-siamo\/\">Continua<\/a><\/p>","protected":false},"author":1,"featured_media":121,"parent":0,"menu_order":0,"comment_status":"closed","ping_status":"closed","template":"","meta":{"_acf_changed":false,"footnotes":""},"class_list":["post-53","page","type-page","status-publish","has-post-thumbnail","hentry"],"acf":{"page_subheading":"We are here to take the burden off your shoulders and help you plan a memorable stag do in Munich without making any unnecessary mistakes."},"_links":{"self":[{"href":"https:\/\/munichstagdo.com\/it\/wp-json\/wp\/v2\/pages\/53","targetHints":{"allow":["GET"]}}],"collection":[{"href":"https:\/\/munichstagdo.com\/it\/wp-json\/wp\/v2\/pages"}],"about":[{"href":"https:\/\/munichstagdo.com\/it\/wp-json\/wp\/v2\/types\/page"}],"author":[{"embeddable":true,"href":"https:\/\/munichstagdo.com\/it\/wp-json\/wp\/v2\/users\/1"}],"replies":[{"embeddable":true,"href":"https:\/\/munichstagdo.com\/it\/wp-json\/wp\/v2\/comments?post=53"}],"version-history":[{"count":15,"href":"https:\/\/munichstagdo.com\/it\/wp-json\/wp\/v2\/pages\/53\/revisions"}],"predecessor-version":[{"id":13012,"href":"https:\/\/munichstagdo.com\/it\/wp-json\/wp\/v2\/pages\/53\/revisions\/13012"}],"wp:featuredmedia":[{"embeddable":true,"href":"https:\/\/munichstagdo.com\/it\/wp-json\/wp\/v2\/media\/121"}],"wp:attachment":[{"href":"https:\/\/munichstagdo.com\/it\/wp-json\/wp\/v2\/media?parent=53"}],"curies":[{"name":"wp","href":"https:\/\/api.w.org\/{rel}","templated":true}]}}