{"id":41,"date":"2022-12-23T15:11:41","date_gmt":"2022-12-23T15:11:41","guid":{"rendered":"https:\/\/munichstagdo.com\/?page_id=41"},"modified":"2023-01-04T13:20:37","modified_gmt":"2023-01-04T13:20:37","slug":"hur-man-tar-sig-till-munich","status":"publish","type":"page","link":"https:\/\/munichstagdo.com\/sv\/hur-man-tar-sig-till-munich\/","title":{"rendered":"S\u00e5 tar du dig till M\u00fcnchen"},"content":{"rendered":"<p>I den h\u00e4r artikeln tar vi upp de olika alternativen f\u00f6r att ta sig till M\u00fcnchen, inklusive flyg, bil och buss. Oavsett vilket s\u00e4tt du v\u00e4ljer ska det inte vara komplicerat att ta dig till M\u00fcnchen.<\/p>\n\n\n\n<h2 class=\"wp-block-heading\">Flygplan<\/h2>\n\n\n\n<p>Ett av de mest bekv\u00e4ma s\u00e4tten att ta sig till M\u00fcnchen \u00e4r att flyga till stadens internationella flygplats, <strong>Franz Josef Strauss flygplats<\/strong>. Flygplatsen ligger cirka 45 kilometer nordost om stadens centrum och \u00e4r l\u00e4tt att n\u00e5 med taxi, buss eller t\u00e5g. M\u00e5nga stora flygbolag erbjuder flygningar till M\u00fcnchen, s\u00e5 du b\u00f6r inte ha n\u00e5gra problem att hitta en direktlinje fr\u00e5n din ort.<\/p>\n\n\n\n<h2 class=\"wp-block-heading\">T\u00e5g<\/h2>\n\n\n\n<p>Om du f\u00f6redrar att resa med t\u00e5g har M\u00fcnchen goda f\u00f6rbindelser med resten av Europa genom h\u00f6ghastighetst\u00e5gsn\u00e4tet ICE. Staden har<strong> tv\u00e5 stora t\u00e5gstationer<\/strong>: M\u00fcnchens centralstation (Hauptbahnhof) och M\u00fcnchens \u00f6stra station (Ostbahnhof). B\u00e5da ligger i stadens centrum och erbjuder f\u00f6rbindelser till andra st\u00f6rre st\u00e4der i Tyskland och utanf\u00f6r.<\/p>\n\n\n\n<h2 class=\"wp-block-heading\">Bil<\/h2>\n\n\n\n<p>Om du f\u00f6redrar att k\u00f6ra bil \u00e4r M\u00fcnchen l\u00e4tt att n\u00e5 med bil fr\u00e5n resten av Europa. Staden ligger vid <strong>korsning av flera st\u00f6rre motorv\u00e4gar<\/strong>, inklusive A9, A92 och A99. Om du kommer fr\u00e5n Tyskland kan du ocks\u00e5 ta t\u00e5get och hyra en bil n\u00e4r du anl\u00e4nder till staden.<\/p>\n\n\n\n<h2 class=\"wp-block-heading\">Buss<\/h2>\n\n\n\n<p>Om du kommer fr\u00e5n Tyskland finns det flera nationella och internationella bussbolag som erbjuder regelbunden trafik till M\u00fcnchen. Flixbus och MeinFernbus \u00e4r tv\u00e5 popul\u00e4ra alternativ som trafikerar hela Tyskland med t\u00e4ta avg\u00e5ngar fr\u00e5n st\u00f6rre st\u00e4der. Om du kommer fr\u00e5n l\u00e4ngre bort finns det ocks\u00e5 f\u00f6ljande alternativ <strong>Flera internationella bussbolag.<\/strong> som k\u00f6r till M\u00fcnchen, inklusive Eurolines och Busbud.<\/p>\n\n\n\n<p>N\u00e4r du anl\u00e4nder till M\u00fcnchen kan du anv\u00e4nda stadens <strong>effektiv kollektivtrafik<\/strong> systemet f\u00f6r att n\u00e5 din slutdestination.<\/p>\n\n\n\n<h2 class=\"wp-block-heading\">Bes\u00f6k M\u00fcnchen med Munich Stag Do!<\/h2>\n\n\n\n<p>Oavsett om du reser till M\u00fcnchen med flyg, t\u00e5g, buss eller bil \u00e4r det viktigt att planera din resa i f\u00f6rv\u00e4g och att <strong>ta h\u00e4nsyn till din budget och dina resepreferenser<\/strong>. Med lite planering kan du enkelt hitta det b\u00e4sta s\u00e4ttet att ta dig till denna vackra och livliga stad.<\/p>\n\n\n\n<p>V\u00e5r personal kommer att <strong>tillhandah\u00e5lla all information<\/strong> du beh\u00f6ver f\u00f6r att resa bekv\u00e4mt till M\u00fcnchen och g\u00f6ra din vistelse i staden s\u00e5 trevlig som m\u00f6jligt om du v\u00e4ljer att resa med oss.<\/p>\n\n\n\n<p>Du kan l\u00e4sa mer om allt vi g\u00f6r p\u00e5 <a href=\"https:\/\/munichstagdo.com\/sv\/\">M\u00fcnchen Stag Do<\/a>!<\/p>","protected":false},"excerpt":{"rendered":"<p>I den h\u00e4r artikeln g\u00e5r vi igenom de olika alternativen f\u00f6r att ta sig till M\u00fcnchen, inklusive flyg, bil och buss. Oavsett vilken metod du v\u00e4ljer b\u00f6r det inte vara komplicerat att ta sig till M\u00fcnchen. Flyg Ett av de bekv\u00e4maste s\u00e4tten att ta sig till M\u00fcnchen \u00e4r att flyga till stadens internationella flygplats, Franz Josef Strauss Airport. Den ... <a href=\"https:\/\/munichstagdo.com\/sv\/hur-man-tar-sig-till-munich\/\">Forts\u00e4ttning<\/a><\/p>","protected":false},"author":1,"featured_media":101,"parent":0,"menu_order":0,"comment_status":"closed","ping_status":"closed","template":"","meta":{"_acf_changed":false,"footnotes":""},"class_list":["post-41","page","type-page","status-publish","has-post-thumbnail","hentry"],"acf":{"page_subheading":"Learn everything you need to know about how to get to the Bavarian capital and focus on enjoying your stay in the city without worrying about logistics."},"_links":{"self":[{"href":"https:\/\/munichstagdo.com\/sv\/wp-json\/wp\/v2\/pages\/41","targetHints":{"allow":["GET"]}}],"collection":[{"href":"https:\/\/munichstagdo.com\/sv\/wp-json\/wp\/v2\/pages"}],"about":[{"href":"https:\/\/munichstagdo.com\/sv\/wp-json\/wp\/v2\/types\/page"}],"author":[{"embeddable":true,"href":"https:\/\/munichstagdo.com\/sv\/wp-json\/wp\/v2\/users\/1"}],"replies":[{"embeddable":true,"href":"https:\/\/munichstagdo.com\/sv\/wp-json\/wp\/v2\/comments?post=41"}],"version-history":[{"count":4,"href":"https:\/\/munichstagdo.com\/sv\/wp-json\/wp\/v2\/pages\/41\/revisions"}],"predecessor-version":[{"id":430,"href":"https:\/\/munichstagdo.com\/sv\/wp-json\/wp\/v2\/pages\/41\/revisions\/430"}],"wp:featuredmedia":[{"embeddable":true,"href":"https:\/\/munichstagdo.com\/sv\/wp-json\/wp\/v2\/media\/101"}],"wp:attachment":[{"href":"https:\/\/munichstagdo.com\/sv\/wp-json\/wp\/v2\/media?parent=41"}],"curies":[{"name":"wp","href":"https:\/\/api.w.org\/{rel}","templated":true}]}}