{"id":47,"date":"2022-12-23T15:12:08","date_gmt":"2022-12-23T15:12:08","guid":{"rendered":"https:\/\/munichstagdo.com\/?page_id=47"},"modified":"2023-01-04T13:21:30","modified_gmt":"2023-01-04T13:21:30","slug":"om-munich","status":"publish","type":"page","link":"https:\/\/munichstagdo.com\/sv\/om-munich\/","title":{"rendered":"Om M\u00fcnchen"},"content":{"rendered":"<p>M\u00fcnchen \u00e4r huvudstad i den tyska delstaten <strong>Bayern<\/strong>som ligger i s\u00f6dra Tyskland. H\u00e4r bor cirka 1,5 miljoner m\u00e4nniskor, vilket g\u00f6r den till den tredje folkrikaste staden i Tyskland. Staden \u00e4r k\u00e4nd f\u00f6r sina <strong>rik historia, kulturell m\u00e5ngfald och fantastisk arkitektur.<\/strong>.&nbsp;<\/p>\n\n\n\n<p>M\u00fcnchens mest k\u00e4nda monument \u00e4r Frauenkirche, den stora kyrkan, den <strong>Nymphenburgs slott<\/strong>och <strong>Marienplatz<\/strong>. Staden \u00e4r ocks\u00e5 hemvist f\u00f6r m\u00e5nga ber\u00f6mda museer och gallerier, bland annat Alte Pinakothek och <strong>BMW-museet<\/strong>.<\/p>\n\n\n\n<p>M\u00fcnchen ligger i hj\u00e4rtat av Europa och \u00e4r omgiven av vackra landskap och \u00e4r ett popul\u00e4rt resm\u00e5l f\u00f6r friluftsentusiaster. Fr\u00e5n <strong>Bayerska Alperna<\/strong> i s\u00f6der till det pittoreska <strong>sj\u00f6ar<\/strong> I norr finns det o\u00e4ndliga m\u00f6jligheter till vandring, cykling och skid\u00e5kning.<\/p>\n\n\n\n<figure class=\"wp-block-image size-large\"><img loading=\"lazy\" decoding=\"async\" width=\"1024\" height=\"513\" src=\"https:\/\/munichstagdo.com\/wp-content\/uploads\/Munich-crowd-1024x513.webp\" alt=\"M\u00fcnchen\" class=\"wp-image-81\" srcset=\"https:\/\/munichstagdo.com\/wp-content\/uploads\/Munich-crowd-1024x513.webp 1024w, https:\/\/munichstagdo.com\/wp-content\/uploads\/Munich-crowd-300x150.webp 300w, https:\/\/munichstagdo.com\/wp-content\/uploads\/Munich-crowd-768x385.webp 768w, https:\/\/munichstagdo.com\/wp-content\/uploads\/Munich-crowd-1536x769.webp 1536w, https:\/\/munichstagdo.com\/wp-content\/uploads\/Munich-crowd-2048x1025.webp 2048w, https:\/\/munichstagdo.com\/wp-content\/uploads\/Munich-crowd-18x9.webp 18w, https:\/\/munichstagdo.com\/wp-content\/uploads\/Munich-crowd-scaled.webp 1920w\" sizes=\"auto, (max-width: 1024px) 100vw, 1024px\" \/><figcaption class=\"wp-element-caption\">M\u00fcnchen <\/figcaption><\/figure>\n\n\n\n<h2 class=\"wp-block-heading\">M\u00fcnchens partyscen<\/h2>\n\n\n\n<p>N\u00e4r det g\u00e4ller nattliv \u00e4r M\u00fcnchen en stad som aldrig sover. Med ett <strong>livlig festscen<\/strong>Det finns n\u00e5got f\u00f6r alla p\u00e5 stadens klubbar, barer och pubar. Staden \u00e4r k\u00e4nd f\u00f6r sina v\u00e4rldsber\u00f6mda <strong>Oktoberfest<\/strong>som lockar miljontals bes\u00f6kare varje \u00e5r.&nbsp;<\/p>\n\n\n\n<p>Men \u00e4ven utanf\u00f6r Oktoberfest har M\u00fcnchen rykte om sig att vara en feststad med m\u00e5nga klubbar och barer.<\/p>\n\n\n\n<p>N\u00e5gra av de <strong>de mest popul\u00e4ra klubbarna i staden<\/strong> bland annat P1, Rote Sonne och Muffathalle. Stadens nattliv \u00e4r k\u00e4nt f\u00f6r sin blandning av traditionell bayersk och modern festkultur, med ett brett utbud av musik och evenemang f\u00f6r alla smaker.<\/p>\n\n\n\n<figure class=\"wp-block-image size-full\"><img loading=\"lazy\" decoding=\"async\" width=\"876\" height=\"580\" src=\"https:\/\/munichstagdo.com\/wp-content\/uploads\/Clubbing-in-Munich.webp\" alt=\"Nattklubbar i M\u00fcnchen\" class=\"wp-image-170\" srcset=\"https:\/\/munichstagdo.com\/wp-content\/uploads\/Clubbing-in-Munich.webp 876w, https:\/\/munichstagdo.com\/wp-content\/uploads\/Clubbing-in-Munich-300x199.webp 300w, https:\/\/munichstagdo.com\/wp-content\/uploads\/Clubbing-in-Munich-768x508.webp 768w, https:\/\/munichstagdo.com\/wp-content\/uploads\/Clubbing-in-Munich-18x12.webp 18w\" sizes=\"auto, (max-width: 876px) 100vw, 876px\" \/><figcaption class=\"wp-element-caption\">Nattklubbar i M\u00fcnchen<\/figcaption><\/figure>\n\n\n\n<h2 class=\"wp-block-heading\">Det bayerska k\u00f6ket<\/h2>\n\n\n\n<p>Bayersk mat och dryck \u00e4r en viktig del av stadens kultur. <strong>Det bayerska k\u00f6ket<\/strong> \u00e4r hj\u00e4rtlig och m\u00e4ttande, och r\u00e4tter som stekt fl\u00e4skk\u00f6tt med dumplings och surk\u00e5l eller schweinshaxe (rostad skinka) \u00e4r popul\u00e4ra favoriter. <strong>Bayersk \u00f6l<\/strong> \u00e4r ocks\u00e5 v\u00e4rldsber\u00f6md, och i M\u00fcnchen finns flera ikoniska bryggerier som Hofbr\u00e4uhaus och Augustiner.<\/p>\n\n\n\n<figure class=\"wp-block-image size-large\"><img loading=\"lazy\" decoding=\"async\" width=\"1024\" height=\"466\" src=\"https:\/\/munichstagdo.com\/wp-content\/uploads\/Munich-partylife-1-1024x466.webp\" alt=\"M\u00fcnchen och \u00f6l\" class=\"wp-image-173\" srcset=\"https:\/\/munichstagdo.com\/wp-content\/uploads\/Munich-partylife-1-1024x466.webp 1024w, https:\/\/munichstagdo.com\/wp-content\/uploads\/Munich-partylife-1-300x136.webp 300w, https:\/\/munichstagdo.com\/wp-content\/uploads\/Munich-partylife-1-768x349.webp 768w, https:\/\/munichstagdo.com\/wp-content\/uploads\/Munich-partylife-1-1536x699.webp 1536w, https:\/\/munichstagdo.com\/wp-content\/uploads\/Munich-partylife-1-2048x932.webp 2048w, https:\/\/munichstagdo.com\/wp-content\/uploads\/Munich-partylife-1-18x8.webp 18w, https:\/\/munichstagdo.com\/wp-content\/uploads\/Munich-partylife-1-scaled.webp 1920w\" sizes=\"auto, (max-width: 1024px) 100vw, 1024px\" \/><figcaption class=\"wp-element-caption\">M\u00fcnchen och \u00f6l<\/figcaption><\/figure>\n\n\n\n<h2 class=\"wp-block-heading\">Bes\u00f6k Europas \u00f6lhuvudstad med M\u00fcnchen Stag Do!<\/h2>\n\n\n\n<p>M\u00fcnchen anses vara en av de dyraste st\u00e4derna i Tyskland, med priser f\u00f6r matvaror, hyra och andra utgifter som \u00e4r h\u00f6gre \u00e4n genomsnittet i landet. Det finns dock s\u00e4tt att spara pengar och samtidigt njuta av allt som staden har att erbjuda. Du m\u00e5ste bara k\u00e4nna r\u00e4tt personer som vet hur man g\u00f6r i den bayerska huvudstaden.<\/p>\n\n\n\n<p>Sammantaget \u00e4r M\u00fcnchen en livlig och sp\u00e4nnande stad som erbjuder ett stort utbud av <strong>unik blandning av kultur, historia och nattliv<\/strong>. Oavsett om du vill uppleva den traditionella bayerska kulturen, festa hela natten eller bara njuta av uts\u00f6kt mat och dryck har M\u00fcnchen n\u00e5got f\u00f6r alla.<\/p>\n\n\n\n<p>M\u00fcnchen \u00e4r en stad som inte liknar n\u00e5gon annan f\u00f6r en svensexa. \u00c5k till <a href=\"https:\/\/munichstagdo.com\/sv\/\">M\u00fcnchen Stag Do<\/a> och se hur vi kan hj\u00e4lpa er att f\u00e5 en svensexoresa som ingen av er n\u00e5gonsin kommer att gl\u00f6mma.<\/p>","protected":false},"excerpt":{"rendered":"<p>M\u00fcnchen \u00e4r huvudstad i den tyska delstaten Bayern, som ligger i s\u00f6dra Tyskland. H\u00e4r bor cirka 1,5 miljoner m\u00e4nniskor, vilket g\u00f6r den till den tredje mest folkrika staden i Tyskland. Staden \u00e4r k\u00e4nd f\u00f6r sin rika historia, kulturella m\u00e5ngfald och fantastiska arkitektur.  M\u00fcnchens mest k\u00e4nda monument inkluderar Frauenkirche, ... <a href=\"https:\/\/munichstagdo.com\/sv\/om-munich\/\">Forts\u00e4ttning<\/a><\/p>","protected":false},"author":1,"featured_media":70,"parent":0,"menu_order":0,"comment_status":"closed","ping_status":"closed","template":"","meta":{"_acf_changed":false,"footnotes":""},"class_list":["post-47","page","type-page","status-publish","has-post-thumbnail","hentry"],"acf":{"page_subheading":"Everything you need to know about one of Germany\u2019s flagship cities in one place \u2014 from the main landmarks to its lively nightlife and local specialties."},"_links":{"self":[{"href":"https:\/\/munichstagdo.com\/sv\/wp-json\/wp\/v2\/pages\/47","targetHints":{"allow":["GET"]}}],"collection":[{"href":"https:\/\/munichstagdo.com\/sv\/wp-json\/wp\/v2\/pages"}],"about":[{"href":"https:\/\/munichstagdo.com\/sv\/wp-json\/wp\/v2\/types\/page"}],"author":[{"embeddable":true,"href":"https:\/\/munichstagdo.com\/sv\/wp-json\/wp\/v2\/users\/1"}],"replies":[{"embeddable":true,"href":"https:\/\/munichstagdo.com\/sv\/wp-json\/wp\/v2\/comments?post=47"}],"version-history":[{"count":6,"href":"https:\/\/munichstagdo.com\/sv\/wp-json\/wp\/v2\/pages\/47\/revisions"}],"predecessor-version":[{"id":431,"href":"https:\/\/munichstagdo.com\/sv\/wp-json\/wp\/v2\/pages\/47\/revisions\/431"}],"wp:featuredmedia":[{"embeddable":true,"href":"https:\/\/munichstagdo.com\/sv\/wp-json\/wp\/v2\/media\/70"}],"wp:attachment":[{"href":"https:\/\/munichstagdo.com\/sv\/wp-json\/wp\/v2\/media?parent=47"}],"curies":[{"name":"wp","href":"https:\/\/api.w.org\/{rel}","templated":true}]}}