{"id":53,"date":"2022-12-23T15:12:34","date_gmt":"2022-12-23T15:12:34","guid":{"rendered":"https:\/\/munichstagdo.com\/?page_id=53"},"modified":"2026-02-24T11:40:47","modified_gmt":"2026-02-24T11:40:47","slug":"om-oss","status":"publish","type":"page","link":"https:\/\/munichstagdo.com\/sv\/om-oss\/","title":{"rendered":"Om oss"},"content":{"rendered":"<p>Om du \u00e4r p\u00e5 jakt efter en vild och of\u00f6rgl\u00f6mlig svensexa i M\u00fcnchen \u00e4r mitt team h\u00e4r f\u00f6r att hj\u00e4lpa dig. Att planera en s\u00e5dan h\u00e4r resa kan vara ett helvete, men med v\u00e5r expertis beh\u00f6ver du inte oroa dig f\u00f6r n\u00e5gonting.&nbsp;<\/p>\n\n\n\n<p>Vi ser till att allt g\u00e5r smidigt s\u00e5 att du och dina v\u00e4nner kan fokusera p\u00e5 att ha kul. <strong>V\u00e5r kunskap och v\u00e5ra etablerade kontakter<\/strong> kan hj\u00e4lpa dig att undvika kostsamma misstag, till exempel att planera aktiviteter som inte st\u00f6r dina fester.<\/p>\n\n\n\n<p>L\u00e5t oss ta hand om detaljerna och skapa en <strong>personlig resv\u00e4g<\/strong> som kommer att g\u00f6ra din svensexa i M\u00fcnchen till ett minnesv\u00e4rt evenemang. Din svensexa och alla hans b\u00e4sta v\u00e4nner f\u00f6rtj\u00e4nar en stressfri och of\u00f6rgl\u00f6mlig fest, s\u00e5 l\u00e5t oss se till att det blir s\u00e5.<\/p>\n\n\n\n<h2 class=\"wp-block-heading\">Ett team av experter p\u00e5 resor och fester<\/h2>\n\n\n\n<p>I \u00f6ver sju \u00e5r har vi hj\u00e4lpt grupper av v\u00e4nner att fira sina sista dagar i frihet med minnesv\u00e4rda svensexpeditioner \u00f6ver hela Europa. Som en <strong>fullt f\u00f6rs\u00e4krad resebyr\u00e5<\/strong>Din ekonomiska trygghet \u00e4r v\u00e5r h\u00f6gsta prioritet.<\/p>\n\n\n\n<p>V\u00e5r <strong>anpassningsbara paket<\/strong> g\u00f6r det enkelt att planera den perfekta svensexahelgen i M\u00fcnchen. Vi tar hand om alla detaljer f\u00f6r att se till att din upplevelse blir bekymmersfri och trevlig, inklusive bokning av din <strong>boende<\/strong>, f\u00f6rflyttningar och fritidsaktiviteter. Du kan luta dig tillbaka, slappna av och fokusera p\u00e5 att skapa minnen med dina v\u00e4nner som kommer att h\u00e5lla hela livet.<\/p>\n\n\n\n<p>M\u00fcnchen \u00e4r en stad som verkligen har allt. Fr\u00e5n dess <strong>rik historia och kulturella sev\u00e4rdheter<\/strong> till sin <strong>livligt nattliv<\/strong>Det finns n\u00e5got f\u00f6r alla i den h\u00e4r staden. Oavsett om du vill sl\u00e4ppa loss och festa med dina v\u00e4nner eller utforska stadens m\u00e5nga sev\u00e4rdheter \u00e4r M\u00fcnchen det perfekta resm\u00e5let f\u00f6r din svensexa.<\/p>\n\n\n\n<p>Vi \u00e4r stolta \u00f6ver att kunna erbjuda en rad olika tj\u00e4nster i M\u00fcnchen f\u00f6r att g\u00f6ra din svensexa till ditt livs b\u00e4sta. V\u00e5r<strong> p\u00e5litliga partnerf\u00f6retag<\/strong> erbjuder en m\u00e4ngd unika aktiviteter som ger dig m\u00e5nga of\u00f6rgl\u00f6mliga upplevelser. Vi har noggrant valt ut dessa partners eftersom de \u00f6verensst\u00e4mmer med v\u00e5ra v\u00e4rderingar och erbjuder service av h\u00f6gsta kvalitet.&nbsp;<\/p>\n\n\n\n<p>Vi vet vad svensexorterna s\u00f6ker och vi \u00e4r redo att ge dem det tio g\u00e5nger om.<\/p>\n\n\n\n<h2 class=\"wp-block-heading\">Dags f\u00f6r den b\u00e4sta helgen i era liv!<\/h2>\n\n\n\n<p>V\u00e5rt team \u00e4r engagerat i att hj\u00e4lpa dig att planera din <strong>ultimat svensexa i M\u00fcnchen<\/strong>, skr\u00e4ddarsy v\u00e5ra tj\u00e4nster f\u00f6r att uppfylla dina specifika behov och preferenser. Vi f\u00f6rst\u00e5r att varje grupp \u00e4r annorlunda, och vi samarbetar med er f\u00f6r att skapa en skr\u00e4ddarsydd upplevelse som verkligen passar era intressen.<\/p>\n\n\n\n<p>Vi \u00e4r <strong>tillg\u00e4ngliga dygnet runt f\u00f6r att hj\u00e4lpa dig<\/strong> med alla fr\u00e5gor eller problem som kan uppst\u00e5, s\u00e5 ger vi dig all information du beh\u00f6ver f\u00f6r att f\u00e5 ut det mesta av din tid i M\u00fcnchen.<\/p>\n\n\n\n<p>V\u00e4nta inte - <a href=\"https:\/\/munichstagdo.com\/sv\/undersokning\/\">F\u00f6rfr\u00e5gan nu<\/a> och l\u00e5t oss hj\u00e4lpa dig att planera den ultimata svensexan i M\u00fcnchen.<\/p>\n\n\n\n<figure class=\"wp-block-image size-full\"><img loading=\"lazy\" decoding=\"async\" width=\"933\" height=\"613\" src=\"https:\/\/munichstagdo.com\/wp-content\/uploads\/Pub-crawl-party-time.webp\" alt=\"Pub crawl party tid\" class=\"wp-image-229\" srcset=\"https:\/\/munichstagdo.com\/wp-content\/uploads\/Pub-crawl-party-time.webp 933w, https:\/\/munichstagdo.com\/wp-content\/uploads\/Pub-crawl-party-time-300x197.webp 300w, https:\/\/munichstagdo.com\/wp-content\/uploads\/Pub-crawl-party-time-768x505.webp 768w, https:\/\/munichstagdo.com\/wp-content\/uploads\/Pub-crawl-party-time-18x12.webp 18w\" sizes=\"auto, (max-width: 933px) 100vw, 933px\" \/><figcaption class=\"wp-element-caption\">Pub crawl party tid<\/figcaption><\/figure>\n\n\n\n<p>Se var du kan \u00e5ka p\u00e5 en svensexa med oss:<\/p>\n\n\n\n<ul class=\"wp-block-list\">\n<li><a href=\"https:\/\/amsterdam-stag-do.com\/\">Amsterdam Stag Do<\/a><\/li>\n\n\n\n<li><a href=\"https:\/\/berlin-stag-do.com\/\">Berlin Stag Do<\/a><\/li>\n\n\n\n<li><a href=\"https:\/\/hamburgstagdo.com\/\">Hamburg Stag Do<\/a><\/li>\n\n\n\n<li><a href=\"https:\/\/hvarstagdo.com\/\">Hvar Stag Do<\/a><\/li>\n\n\n\n<li><a href=\"https:\/\/lisbonstagdo.com\/\">Lissabon Stag Do<\/a><\/li>\n\n\n\n<li><a href=\"https:\/\/prague-stag-do.com\/\">Prag Stag Do<\/a><\/li>\n\n\n\n<li><a href=\"https:\/\/riga-stag-do.com\/\">Riga Stag Do<\/a><\/li>\n\n\n\n<li><a href=\"https:\/\/stagpartyljubljana.com\/\">Stag Party Ljubljana<\/a><\/li>\n\n\n\n<li><a href=\"https:\/\/ibizastagdo.com\">Ibiza Stag Do<\/a><\/li>\n\n\n\n<li><a href=\"https:\/\/benidorm-stag-do.com\/\">Benidorm svensexa<\/a><\/li>\n\n\n\n<li><a href=\"https:\/\/budapest-stag-do.com\/\">Budapest svensexa<\/a><\/li>\n\n\n\n<li><a href=\"https:\/\/stagdovegas.com\/\">Stag Do Vegas<\/a><\/li>\n\n\n\n<li><a href=\"https:\/\/stagdobarcelona.com\/\">Stag Do Barcelona<\/a><\/li>\n\n\n\n<li><a href=\"https:\/\/stagdozagreb.com\/\">Stag Do Zagreb<\/a><\/li>\n\n\n\n<li><a href=\"https:\/\/splitstagdo.com\/\">Split Stag Do<\/a><\/li>\n\n\n\n<li><a href=\"https:\/\/dubrovnikstagdo.com\/\">Dubrovnik svensexa<\/a><\/li>\n\n\n\n<li><a href=\"https:\/\/madridstagdo.com\/\">Madrid svensexa<\/a><\/li>\n\n\n\n<li><a href=\"https:\/\/bucharest-stag-do.com\/\">Bukarest Stag Do<\/a><\/li>\n\n\n\n<li><a href=\"https:\/\/albufeirastagdo.com\/\">Albufeira svensexa<\/a><\/li>\n\n\n\n<li><a href=\"https:\/\/dublinstagdo.com\/\">Dublin svensexa<\/a><\/li>\n\n\n\n<li><a href=\"https:\/\/stagdokrakow.com\/\">Krakow Stag Do<\/a><\/li>\n<\/ul>","protected":false},"excerpt":{"rendered":"<p>Oavsett vem som \u00e4r p\u00e5 jakt efter en vild och of\u00f6rgl\u00f6mlig svensexa i M\u00fcnchen \u00e4r mitt team h\u00e4r f\u00f6r att hj\u00e4lpa dig. Att planera en s\u00e5dan h\u00e4r resa kan vara kr\u00e5ngligt, men med v\u00e5r expertis beh\u00f6ver du inte oroa dig f\u00f6r n\u00e5gonting.  Vi ser till att allt g\u00e5r smidigt, s\u00e5 att du och dina v\u00e4nner ... <a href=\"https:\/\/munichstagdo.com\/sv\/om-oss\/\">Forts\u00e4ttning<\/a><\/p>","protected":false},"author":1,"featured_media":121,"parent":0,"menu_order":0,"comment_status":"closed","ping_status":"closed","template":"","meta":{"_acf_changed":false,"footnotes":""},"class_list":["post-53","page","type-page","status-publish","has-post-thumbnail","hentry"],"acf":{"page_subheading":"We are here to take the burden off your shoulders and help you plan a memorable stag do in Munich without making any unnecessary mistakes."},"_links":{"self":[{"href":"https:\/\/munichstagdo.com\/sv\/wp-json\/wp\/v2\/pages\/53","targetHints":{"allow":["GET"]}}],"collection":[{"href":"https:\/\/munichstagdo.com\/sv\/wp-json\/wp\/v2\/pages"}],"about":[{"href":"https:\/\/munichstagdo.com\/sv\/wp-json\/wp\/v2\/types\/page"}],"author":[{"embeddable":true,"href":"https:\/\/munichstagdo.com\/sv\/wp-json\/wp\/v2\/users\/1"}],"replies":[{"embeddable":true,"href":"https:\/\/munichstagdo.com\/sv\/wp-json\/wp\/v2\/comments?post=53"}],"version-history":[{"count":15,"href":"https:\/\/munichstagdo.com\/sv\/wp-json\/wp\/v2\/pages\/53\/revisions"}],"predecessor-version":[{"id":13012,"href":"https:\/\/munichstagdo.com\/sv\/wp-json\/wp\/v2\/pages\/53\/revisions\/13012"}],"wp:featuredmedia":[{"embeddable":true,"href":"https:\/\/munichstagdo.com\/sv\/wp-json\/wp\/v2\/media\/121"}],"wp:attachment":[{"href":"https:\/\/munichstagdo.com\/sv\/wp-json\/wp\/v2\/media?parent=53"}],"curies":[{"name":"wp","href":"https:\/\/api.w.org\/{rel}","templated":true}]}}